{"id":4069,"date":"2024-04-08T13:29:29","date_gmt":"2024-04-08T19:29:29","guid":{"rendered":"https:\/\/libreriahistoriasdebolsillo.com\/?post_type=product&#038;p=4069"},"modified":"2025-11-26T18:18:14","modified_gmt":"2025-11-27T00:18:14","slug":"las-cronicas-de-dune-2-el-mesias-de-dune-edicion-de-lujo-tapa-dura","status":"publish","type":"product","link":"https:\/\/libreriahistoriasdebolsillo.com\/index.php\/producto\/las-cronicas-de-dune-2-el-mesias-de-dune-edicion-de-lujo-tapa-dura\/","title":{"rendered":"Las cr\u00f3nicas de dune 2. El mes\u00edas de dune (edici\u00f3n de lujo tapa dura)"},"content":{"rendered":"<p><b><i>El mes\u00edas de Dune<\/i>\u00a0es la segunda entrega de la excepcional saga de Frank Herbert \u00abDune\u00bb, considerada la mejor serie de ciencia ficci\u00f3n de todos los tiempos.<\/b><\/p>\n<p><b>Arrakis, tambi\u00e9n llamado Dune<\/b>: un mundo desierto en pos del sue\u00f1o de convertirse en un para\u00edso, cuna de mil guerras que se han extendido por todo el universo y de un anhelo mesi\u00e1nico que intenta alcanzar el sue\u00f1o m\u00e1s antiguo de la humanidad&#8230;<\/p>\n<p><b>Paul Atreides<\/b>: un personaje m\u00edtico, perturbado por la cercana presencia de una sombra dominante: su hermana Alia. Y frente a ellos, los grandes intereses econ\u00f3micos, pol\u00edticos y religiosos que sacuden los espacios interestelares: la CHOAM, la Cofrad\u00eda espacial, el Landsraad, la Bene Gesserit&#8230;<\/p>\n<p>Todo ello, y mucho m\u00e1s, conforma esta segunda entrega de \u00abDune\u00bb: un fresco impresionante y una obra cumbre de la imaginaci\u00f3n.<\/p>\n","protected":false},"excerpt":{"rendered":"<p>Frank Herbert<\/p>\n","protected":false},"featured_media":4070,"template":"","meta":{"_joinchat":[]},"product_brand":[],"product_cat":[40],"product_tag":[34],"class_list":{"0":"post-4069","1":"product","2":"type-product","3":"status-publish","4":"has-post-thumbnail","6":"product_cat-ciencia-ficcion","7":"product_tag-penguin-random-house","9":"first","10":"outofstock","11":"shipping-taxable","12":"purchasable","13":"product-type-simple"},"_links":{"self":[{"href":"https:\/\/libreriahistoriasdebolsillo.com\/index.php\/wp-json\/wp\/v2\/product\/4069","targetHints":{"allow":["GET"]}}],"collection":[{"href":"https:\/\/libreriahistoriasdebolsillo.com\/index.php\/wp-json\/wp\/v2\/product"}],"about":[{"href":"https:\/\/libreriahistoriasdebolsillo.com\/index.php\/wp-json\/wp\/v2\/types\/product"}],"wp:featuredmedia":[{"embeddable":true,"href":"https:\/\/libreriahistoriasdebolsillo.com\/index.php\/wp-json\/wp\/v2\/media\/4070"}],"wp:attachment":[{"href":"https:\/\/libreriahistoriasdebolsillo.com\/index.php\/wp-json\/wp\/v2\/media?parent=4069"}],"wp:term":[{"taxonomy":"product_brand","embeddable":true,"href":"https:\/\/libreriahistoriasdebolsillo.com\/index.php\/wp-json\/wp\/v2\/product_brand?post=4069"},{"taxonomy":"product_cat","embeddable":true,"href":"https:\/\/libreriahistoriasdebolsillo.com\/index.php\/wp-json\/wp\/v2\/product_cat?post=4069"},{"taxonomy":"product_tag","embeddable":true,"href":"https:\/\/libreriahistoriasdebolsillo.com\/index.php\/wp-json\/wp\/v2\/product_tag?post=4069"}],"curies":[{"name":"wp","href":"https:\/\/api.w.org\/{rel}","templated":true}]}}