{"id":4071,"date":"2024-04-08T13:33:07","date_gmt":"2024-04-08T19:33:07","guid":{"rendered":"https:\/\/libreriahistoriasdebolsillo.com\/?post_type=product&#038;p=4071"},"modified":"2026-04-16T10:16:07","modified_gmt":"2026-04-16T16:16:07","slug":"hasta-que-te-caigas-bien","status":"publish","type":"product","link":"https:\/\/libreriahistoriasdebolsillo.com\/index.php\/producto\/hasta-que-te-caigas-bien\/","title":{"rendered":"Hasta que te caigas bien"},"content":{"rendered":"<p><b>Tras el \u00e9xito de\u00a0<i>Querida yo: tenemos que hablar,<\/i>\u00a0vuelve Elizabeth Clap\u00e9s, @esmipsicologa.<\/b><\/p>\n<p><b>Imag\u00ednate que pudieses elaborar un manual de c\u00f3mo quieres ser y de c\u00f3mo quieres que sea tu relaci\u00f3n con los dem\u00e1s. \u00bfQu\u00e9 pedir\u00edas?<\/b><\/p>\n<p>Cuando te enfadas o sientes emociones que te dificultan actuar racionalmente, reaccionas de manera impulsiva: pierdes los papeles, tomas malas decisiones o dices cosas de las que luego te arrepientes.<\/p>\n<p><b>Sin embargo, a veces hay que parar y preguntarse: \u00ab\u00bfQu\u00e9 har\u00eda ahora la persona que quiero ser?\u00bb.<\/b><\/p>\n<p>Intentar comportarte acorde con tus valores es una forma de amor propio, pero para conseguirlo es imprescindible conocerte, saber qui\u00e9n quieres ser y actuar de forma consciente.<\/p>\n<p><b>Al fin y al cabo, la persona que mejor te tiene que caer en este mundo eres t\u00fa.<\/b><\/p>\n<p><b><u>Este libro va de:<\/u><\/b><\/p>\n<p>* Analizar tu\u00a0<b>infancia\u00a0<\/b>y reconocer tu estilo de\u00a0<b>apego<\/b>.<\/p>\n<p>* Conocer tu\u00a0<b>pasado\u00a0<\/b>para entender c\u00f3mo eres en el\u00a0<b>presente<\/b>.<\/p>\n<p>* Reflexionar sobre tu\u00a0<b>familia\u00a0<\/b>y tus\u00a0<b>amigos<\/b>.<\/p>\n<p>* Evaluar c\u00f3mo son tus relaciones de\u00a0<b>pareja<\/b>y aprender a relacionarte de forma\u00a0<b>sana<\/b>.<\/p>\n<p>* Comprender c\u00f3mo te\u00a0<b>vinculas\u00a0<\/b>y con qu\u00e9 tipo de personas tiendes a hacerlo.<\/p>\n<p>* Conocerte en\u00a0<b>profundidad\u00a0<\/b>(tambi\u00e9n los aspectos de ti que no te gustan).<\/p>\n<p>* Mejorar tu\u00a0<b>autoestima<\/b>, tu\u00a0<b>autoconcepto\u00a0<\/b>y tu\u00a0<b>seguridad\u00a0<\/b>en ti misma.<\/p>\n<p>* Pararte a pensar en qui\u00e9n\u00a0<b>quieres\u00a0<\/b>ser.<\/p>\n<p>* Actuar de forma\u00a0<b>consciente\u00a0<\/b>y acorde a tus\u00a0<b>valores<\/b>.<\/p>\n<p>* En definitiva, trabajar en ti mismo\/a para conseguir estar\u00a0<b>orgulloso<\/b>\/a de quien eres. En todo\u00a0<b>momento<\/b>. En cualquier\u00a0<b>lugar<\/b>.<\/p>\n","protected":false},"excerpt":{"rendered":"<p>Elizabeth Clap\u00e9s @esmipsicologa<\/p>\n","protected":false},"featured_media":4072,"template":"","meta":{"_joinchat":[]},"product_brand":[],"product_cat":[58,41],"product_tag":[34],"class_list":{"0":"post-4071","1":"product","2":"type-product","3":"status-publish","4":"has-post-thumbnail","6":"product_cat-desarrollo-humano-y-superacion","7":"product_cat-desarrollo-humano","8":"product_tag-penguin-random-house","10":"first","11":"instock","12":"shipping-taxable","13":"purchasable","14":"product-type-simple"},"_links":{"self":[{"href":"https:\/\/libreriahistoriasdebolsillo.com\/index.php\/wp-json\/wp\/v2\/product\/4071","targetHints":{"allow":["GET"]}}],"collection":[{"href":"https:\/\/libreriahistoriasdebolsillo.com\/index.php\/wp-json\/wp\/v2\/product"}],"about":[{"href":"https:\/\/libreriahistoriasdebolsillo.com\/index.php\/wp-json\/wp\/v2\/types\/product"}],"wp:featuredmedia":[{"embeddable":true,"href":"https:\/\/libreriahistoriasdebolsillo.com\/index.php\/wp-json\/wp\/v2\/media\/4072"}],"wp:attachment":[{"href":"https:\/\/libreriahistoriasdebolsillo.com\/index.php\/wp-json\/wp\/v2\/media?parent=4071"}],"wp:term":[{"taxonomy":"product_brand","embeddable":true,"href":"https:\/\/libreriahistoriasdebolsillo.com\/index.php\/wp-json\/wp\/v2\/product_brand?post=4071"},{"taxonomy":"product_cat","embeddable":true,"href":"https:\/\/libreriahistoriasdebolsillo.com\/index.php\/wp-json\/wp\/v2\/product_cat?post=4071"},{"taxonomy":"product_tag","embeddable":true,"href":"https:\/\/libreriahistoriasdebolsillo.com\/index.php\/wp-json\/wp\/v2\/product_tag?post=4071"}],"curies":[{"name":"wp","href":"https:\/\/api.w.org\/{rel}","templated":true}]}}