{"id":4076,"date":"2024-04-08T13:45:12","date_gmt":"2024-04-08T19:45:12","guid":{"rendered":"https:\/\/libreriahistoriasdebolsillo.com\/?post_type=product&#038;p=4076"},"modified":"2026-03-14T15:48:56","modified_gmt":"2026-03-14T21:48:56","slug":"billy-summers","status":"publish","type":"product","link":"https:\/\/libreriahistoriasdebolsillo.com\/index.php\/producto\/billy-summers\/","title":{"rendered":"Billy Summers"},"content":{"rendered":"<p><b>\u00abVer al indiscutido rey del terror adentrarse en el territorio de los thrillers<\/b>\u00a0<b>noir<\/b><b>\u00a0es la prueba de que Stephen King todav\u00eda es capaz de sorprendernos y dejarnos sin palabras.\u00bb<\/b>\u00a0<b>Esquire<\/b><\/p>\n<p>Stephen King, el narrador legendario de imaginaci\u00f3n incontenible, nos regala una espectacular novela sobre un buen tipo con un trabajo muy malo. Billy Summers es un asesino a sueldo y el mejor en lo suyo, pero tiene una norma: solo acepta un encargo si su objetivo es realmente mala persona. Ahora Billy quiere dejarlo, pero todav\u00eda le queda un \u00faltimo golpe. Y siendo uno de los mejores francotiradores del mundo, un veterano condecorado dela guerra de Irak, un aut\u00e9ntico Houdini cuando toca desaparecer despu\u00e9s de finiquitar un trabajo, \u00bfqu\u00e9 podr\u00eda salirle mal? Todo.<\/p>\n<p>\u00abOtra lectura adictiva de un maestro de mente proteica.\u00bb\u00a0<i>Kirkus<\/i><\/p>\n","protected":false},"excerpt":{"rendered":"<p>Stephen King<\/p>\n","protected":false},"featured_media":4077,"template":"","meta":{"_joinchat":[]},"product_brand":[],"product_cat":[37,51],"product_tag":[34],"class_list":{"0":"post-4076","1":"product","2":"type-product","3":"status-publish","4":"has-post-thumbnail","6":"product_cat-misterio-y-thriller","7":"product_cat-oferta","8":"product_tag-penguin-random-house","10":"first","11":"instock","12":"sale","13":"shipping-taxable","14":"purchasable","15":"product-type-simple"},"_links":{"self":[{"href":"https:\/\/libreriahistoriasdebolsillo.com\/index.php\/wp-json\/wp\/v2\/product\/4076","targetHints":{"allow":["GET"]}}],"collection":[{"href":"https:\/\/libreriahistoriasdebolsillo.com\/index.php\/wp-json\/wp\/v2\/product"}],"about":[{"href":"https:\/\/libreriahistoriasdebolsillo.com\/index.php\/wp-json\/wp\/v2\/types\/product"}],"wp:featuredmedia":[{"embeddable":true,"href":"https:\/\/libreriahistoriasdebolsillo.com\/index.php\/wp-json\/wp\/v2\/media\/4077"}],"wp:attachment":[{"href":"https:\/\/libreriahistoriasdebolsillo.com\/index.php\/wp-json\/wp\/v2\/media?parent=4076"}],"wp:term":[{"taxonomy":"product_brand","embeddable":true,"href":"https:\/\/libreriahistoriasdebolsillo.com\/index.php\/wp-json\/wp\/v2\/product_brand?post=4076"},{"taxonomy":"product_cat","embeddable":true,"href":"https:\/\/libreriahistoriasdebolsillo.com\/index.php\/wp-json\/wp\/v2\/product_cat?post=4076"},{"taxonomy":"product_tag","embeddable":true,"href":"https:\/\/libreriahistoriasdebolsillo.com\/index.php\/wp-json\/wp\/v2\/product_tag?post=4076"}],"curies":[{"name":"wp","href":"https:\/\/api.w.org\/{rel}","templated":true}]}}