{"id":4078,"date":"2024-04-08T14:14:49","date_gmt":"2024-04-08T20:14:49","guid":{"rendered":"https:\/\/libreriahistoriasdebolsillo.com\/?post_type=product&#038;p=4078"},"modified":"2025-07-08T11:28:27","modified_gmt":"2025-07-08T17:28:27","slug":"tu-eres-tu-lugar-seguro","status":"publish","type":"product","link":"https:\/\/libreriahistoriasdebolsillo.com\/index.php\/producto\/tu-eres-tu-lugar-seguro\/","title":{"rendered":"T\u00fa eres tu lugar seguro"},"content":{"rendered":"<p><b>Tras el \u00e9xito de\u00a0<i>Me quiero, te quiero<\/i>, llega el nuevo libro de Mar\u00eda Esclapez.<\/b><\/p>\n<p><b>Un nuevo libro para comprender tu historia, hacer las paces con el pasado, reconectar contigo y los que te rodean y hacer de ti tu lugar seguro.<\/b><\/p>\n<p>Con\u00a0<i><b>Me quiero, te quiero<\/b><\/i>, Mar\u00eda Esclapez ya ha ayudado a miles de lectores a\u00a0<b>sanar sus relaciones y a mejorar su autoestima<\/b>. Ahora se centra en\u00a0<b>la importancia de sanar el pasado y las heridas emocionales de la infancia para poder relacionarnos mejor y vivir nuestro mejor presente<\/b>.<\/p>\n<p>\u00ab\u00bfPor qu\u00e9 siento lo que siento? \u00bfDe d\u00f3nde viene mi malestar? \u00bfC\u00f3mo he aprendido a relacionarme con los dem\u00e1s y conmigo mismo? \u00bfC\u00f3mo influye el tipo de apego que desarrollamos en la infancia en nuestra vida adulta? Y, lo m\u00e1s importante: \u00bfc\u00f3mo puedo sanar mis heridas y vivir en paz en mi presente?\u00bb<\/p>\n<p><b>Mar\u00eda Esclapez<\/b>, psic\u00f3loga cl\u00ednica, sex\u00f3loga y terapeuta de parejas, te acompa\u00f1a a descubrir\u00a0<b>c\u00f3mo empezar a sanar tu pasado y mejorar tu presente<\/b>. Con ejemplos pr\u00e1cticos de la propia autora y otros extra\u00eddos de consulta.<\/p>\n<p><b>T\u00fa eres la persona m\u00e1s importante de tu vida, haz de ti tu lugar seguro.<\/b><\/p>\n<p><b><u>\u00bfQu\u00e9 encontrar\u00e1s en este libro?<\/u><\/b><\/p>\n<p>-An\u00e9cdotas, experiencias de la autora y situaciones extra\u00eddas de casos reales en consulta.<\/p>\n<p>-Ejercicios de autoconocimiento, guiados por la autora, para comprender la ra\u00edz de nuestros problemas y empezar a ponerles soluci\u00f3n.<\/p>\n<p>-Esquemas y otros recursos gr\u00e1ficos que nos ayudan a comprender mejor el contenido.<\/p>\n<p>-Propuestas para poner en pr\u00e1ctica y sacar el mayor partido a tus relaciones.<\/p>\n","protected":false},"excerpt":{"rendered":"<p>Mar\u00eda Esclapez<\/p>\n","protected":false},"featured_media":4079,"template":"","meta":{"_joinchat":[]},"product_brand":[],"product_cat":[58,41],"product_tag":[34],"class_list":{"0":"post-4078","1":"product","2":"type-product","3":"status-publish","4":"has-post-thumbnail","6":"product_cat-desarrollo-humano-y-superacion","7":"product_cat-desarrollo-humano","8":"product_tag-penguin-random-house","10":"first","11":"outofstock","12":"shipping-taxable","13":"purchasable","14":"product-type-simple"},"_links":{"self":[{"href":"https:\/\/libreriahistoriasdebolsillo.com\/index.php\/wp-json\/wp\/v2\/product\/4078","targetHints":{"allow":["GET"]}}],"collection":[{"href":"https:\/\/libreriahistoriasdebolsillo.com\/index.php\/wp-json\/wp\/v2\/product"}],"about":[{"href":"https:\/\/libreriahistoriasdebolsillo.com\/index.php\/wp-json\/wp\/v2\/types\/product"}],"wp:featuredmedia":[{"embeddable":true,"href":"https:\/\/libreriahistoriasdebolsillo.com\/index.php\/wp-json\/wp\/v2\/media\/4079"}],"wp:attachment":[{"href":"https:\/\/libreriahistoriasdebolsillo.com\/index.php\/wp-json\/wp\/v2\/media?parent=4078"}],"wp:term":[{"taxonomy":"product_brand","embeddable":true,"href":"https:\/\/libreriahistoriasdebolsillo.com\/index.php\/wp-json\/wp\/v2\/product_brand?post=4078"},{"taxonomy":"product_cat","embeddable":true,"href":"https:\/\/libreriahistoriasdebolsillo.com\/index.php\/wp-json\/wp\/v2\/product_cat?post=4078"},{"taxonomy":"product_tag","embeddable":true,"href":"https:\/\/libreriahistoriasdebolsillo.com\/index.php\/wp-json\/wp\/v2\/product_tag?post=4078"}],"curies":[{"name":"wp","href":"https:\/\/api.w.org\/{rel}","templated":true}]}}