{"id":4081,"date":"2024-04-09T14:04:43","date_gmt":"2024-04-09T20:04:43","guid":{"rendered":"https:\/\/libreriahistoriasdebolsillo.com\/?post_type=product&#038;p=4081"},"modified":"2024-06-11T16:27:20","modified_gmt":"2024-06-11T22:27:20","slug":"analizate","status":"publish","type":"product","link":"https:\/\/libreriahistoriasdebolsillo.com\/index.php\/producto\/analizate\/","title":{"rendered":"Anal\u00edzate"},"content":{"rendered":"<p><b>Este es el libro de grafolog\u00eda y lenguaje corporal que te mereces y que deber\u00edamos de leer antes de salir a la calle a relacionarnos.<\/b><\/p>\n<p>Son tus\u00a0<b>trazos<\/b>, tus\u00a0<b>dibujos<\/b>\u00a0y la forma en que los haces lo que dice qui\u00e9n eres y c\u00f3mo te sientes en este momento.<\/p>\n<p>La secci\u00f3n de\u00a0<b>lenguaje corporal<\/b>\u00a0es para saber y entender qu\u00e9 siente o piensa alguien que est\u00e1 junto a ti, pues delata lo que percibe con\u00a0<b>movimientos<\/b>,\u00a0<b>gestos<\/b>\u00a0y la forma en que\u00a0<b>acomoda sus extremidades<\/b>; y ofrece algunas se\u00f1ales de lo que se propone. Las manos, la mirada, las pupilas, los mapas que hacen los brazos y piernas nos hacen llegar a su verdad. Esto lo notamos en pol\u00edticos, personajes famosos o la gente que te rodea.<\/p>\n<p>Con la advertencia de que probablemente descubras en este libro algo que no quer\u00edas ver o saber, en estas p\u00e1ginas te ofrezco los testimonios de personas p\u00fablicas que reaccionan a su grafolog\u00eda contando a coraz\u00f3n abierto c\u00f3mo son y c\u00f3mo llegaron a donde est\u00e1n. Desde\u00a0<b>Michelle Rodr\u00edguez<\/b>\u00a0y\u00a0<b>Alex Montiel,<\/b>\u00a0que se presenta sin el Escorpi\u00f3n, hasta Lucero y Carla Estrada, cada personalidad ahonda en los momentos de su vida que la marcaron. Al final de cada testimonio aparecen diferentes\u00a0<b>grafoterapias<\/b>\u00a0para trabajar en el dise\u00f1o de pensamientos novedosos que generen nuevas conductas.<\/p>\n<p>Te ofrezco tambi\u00e9n mi Teor\u00eda de la personalidad, que parte de la forma dominante de tu letra, \u00a1y muchos test para que nos desnudemos a gusto!<\/p>\n","protected":false},"excerpt":{"rendered":"<p>Maryfer Centeno<\/p>\n","protected":false},"featured_media":4082,"template":"","meta":{"_joinchat":[]},"product_brand":[],"product_cat":[41],"product_tag":[34],"class_list":{"0":"post-4081","1":"product","2":"type-product","3":"status-publish","4":"has-post-thumbnail","6":"product_cat-desarrollo-humano","7":"product_tag-penguin-random-house","9":"first","10":"outofstock","11":"shipping-taxable","12":"purchasable","13":"product-type-simple"},"_links":{"self":[{"href":"https:\/\/libreriahistoriasdebolsillo.com\/index.php\/wp-json\/wp\/v2\/product\/4081","targetHints":{"allow":["GET"]}}],"collection":[{"href":"https:\/\/libreriahistoriasdebolsillo.com\/index.php\/wp-json\/wp\/v2\/product"}],"about":[{"href":"https:\/\/libreriahistoriasdebolsillo.com\/index.php\/wp-json\/wp\/v2\/types\/product"}],"wp:featuredmedia":[{"embeddable":true,"href":"https:\/\/libreriahistoriasdebolsillo.com\/index.php\/wp-json\/wp\/v2\/media\/4082"}],"wp:attachment":[{"href":"https:\/\/libreriahistoriasdebolsillo.com\/index.php\/wp-json\/wp\/v2\/media?parent=4081"}],"wp:term":[{"taxonomy":"product_brand","embeddable":true,"href":"https:\/\/libreriahistoriasdebolsillo.com\/index.php\/wp-json\/wp\/v2\/product_brand?post=4081"},{"taxonomy":"product_cat","embeddable":true,"href":"https:\/\/libreriahistoriasdebolsillo.com\/index.php\/wp-json\/wp\/v2\/product_cat?post=4081"},{"taxonomy":"product_tag","embeddable":true,"href":"https:\/\/libreriahistoriasdebolsillo.com\/index.php\/wp-json\/wp\/v2\/product_tag?post=4081"}],"curies":[{"name":"wp","href":"https:\/\/api.w.org\/{rel}","templated":true}]}}