{"id":4085,"date":"2024-04-09T14:11:57","date_gmt":"2024-04-09T20:11:57","guid":{"rendered":"https:\/\/libreriahistoriasdebolsillo.com\/?post_type=product&#038;p=4085"},"modified":"2026-04-16T10:17:05","modified_gmt":"2026-04-16T16:17:05","slug":"saga-powerless-1-powerless","status":"publish","type":"product","link":"https:\/\/libreriahistoriasdebolsillo.com\/index.php\/producto\/saga-powerless-1-powerless\/","title":{"rendered":"Saga Powerless 1. Powerless"},"content":{"rendered":"<p><b>Ella es lo que \u00e9l ha pasado toda su vida cazando.<\/b><\/p>\n<p><b>\u00c9l es todo lo que ella ha pasado la vida fingiendo ser.<\/b><\/p>\n<p>Solo lo extraordinario pertenece al reino de Ilya: los excepcionales, los poderosos, los \u00e9lites.<\/p>\n<p>Aquellos que nacieron vulgares son solo eso: vulgares. Y cuando el rey decreta que todos los vulgares ser\u00e1n eliminados para preservar su sociedad de \u00e9lite, carecer de poder se vuelve un crimen, convirtiendo a Paedyn Gray en una criminal por destino y en una ladrona por necesidad. Se hace pasar por ps\u00edquica en la ciudad real, pasando desapercibida para seguir viva y fuera de peligro.<\/p>\n<p>Cuando Paedyn inesperadamente salva a uno de los pr\u00edncipes de Ilya, se ve arrojada a las Pruebas de la Purga. La brutal competici\u00f3n existe para exhibir los poderes de los \u00e9lites, algo de lo que Paedyn carece. Si la Purga y sus rivales no la matan, lo har\u00e1 el pr\u00edncipe cuando descubra lo que ella es en realidad&#8230;<\/p>\n","protected":false},"excerpt":{"rendered":"<p>Lauren Roberts<\/p>\n","protected":false},"featured_media":4086,"template":"","meta":{"_joinchat":[]},"product_brand":[],"product_cat":[39],"product_tag":[34],"class_list":{"0":"post-4085","1":"product","2":"type-product","3":"status-publish","4":"has-post-thumbnail","6":"product_cat-fantasia","7":"product_tag-penguin-random-house","9":"first","10":"instock","11":"shipping-taxable","12":"purchasable","13":"product-type-simple"},"_links":{"self":[{"href":"https:\/\/libreriahistoriasdebolsillo.com\/index.php\/wp-json\/wp\/v2\/product\/4085","targetHints":{"allow":["GET"]}}],"collection":[{"href":"https:\/\/libreriahistoriasdebolsillo.com\/index.php\/wp-json\/wp\/v2\/product"}],"about":[{"href":"https:\/\/libreriahistoriasdebolsillo.com\/index.php\/wp-json\/wp\/v2\/types\/product"}],"wp:featuredmedia":[{"embeddable":true,"href":"https:\/\/libreriahistoriasdebolsillo.com\/index.php\/wp-json\/wp\/v2\/media\/4086"}],"wp:attachment":[{"href":"https:\/\/libreriahistoriasdebolsillo.com\/index.php\/wp-json\/wp\/v2\/media?parent=4085"}],"wp:term":[{"taxonomy":"product_brand","embeddable":true,"href":"https:\/\/libreriahistoriasdebolsillo.com\/index.php\/wp-json\/wp\/v2\/product_brand?post=4085"},{"taxonomy":"product_cat","embeddable":true,"href":"https:\/\/libreriahistoriasdebolsillo.com\/index.php\/wp-json\/wp\/v2\/product_cat?post=4085"},{"taxonomy":"product_tag","embeddable":true,"href":"https:\/\/libreriahistoriasdebolsillo.com\/index.php\/wp-json\/wp\/v2\/product_tag?post=4085"}],"curies":[{"name":"wp","href":"https:\/\/api.w.org\/{rel}","templated":true}]}}