{"id":4087,"date":"2024-04-09T14:14:07","date_gmt":"2024-04-09T20:14:07","guid":{"rendered":"https:\/\/libreriahistoriasdebolsillo.com\/?post_type=product&#038;p=4087"},"modified":"2024-04-15T12:20:18","modified_gmt":"2024-04-15T18:20:18","slug":"las-herederas-de-la-singer","status":"publish","type":"product","link":"https:\/\/libreriahistoriasdebolsillo.com\/index.php\/producto\/las-herederas-de-la-singer\/","title":{"rendered":"Las herederas de la Singer"},"content":{"rendered":"<p><b>Las herederas de la Singer cuenta la conmovedora historia de las mujeres de una familia ligadas a una m\u00e1quina de coser que custodi\u00f3 un secreto<\/b><\/p>\n<p><b>durante cuatro generaciones.<\/b><\/p>\n<p>El d\u00eda que la joven Aurora se ve obligada a trabajar en la mina tras el accidente de su padre, se jura hacer lo que sea necesario para huir de aquel infierno. Un\u00a0<b>matrimonio sin amor<\/b>\u00a0y la\u00a0<b>m\u00e1quina de coser Singer<\/b>\u00a0de segunda mano que recibe como regalo de bodas le proporcionar\u00e1n una nueva forma de salir adelante, hasta que un terrible suceso convierte la Singer en la \u00fanica prueba de la amenaza que la perseguir\u00e1 toda la vida. Muchos a\u00f1os despu\u00e9s, la complicidad que teje con su biznieta Alba desvelar\u00e1 el secreto que ha planeado sobre las mujeres de su familia.<\/p>\n","protected":false},"excerpt":{"rendered":"<p>Ana Lena Rivera<\/p>\n","protected":false},"featured_media":4088,"template":"","meta":{"_joinchat":[]},"product_brand":[],"product_cat":[33],"product_tag":[34],"class_list":{"0":"post-4087","1":"product","2":"type-product","3":"status-publish","4":"has-post-thumbnail","6":"product_cat-ficcion-general","7":"product_tag-penguin-random-house","9":"first","10":"outofstock","11":"shipping-taxable","12":"purchasable","13":"product-type-simple"},"_links":{"self":[{"href":"https:\/\/libreriahistoriasdebolsillo.com\/index.php\/wp-json\/wp\/v2\/product\/4087","targetHints":{"allow":["GET"]}}],"collection":[{"href":"https:\/\/libreriahistoriasdebolsillo.com\/index.php\/wp-json\/wp\/v2\/product"}],"about":[{"href":"https:\/\/libreriahistoriasdebolsillo.com\/index.php\/wp-json\/wp\/v2\/types\/product"}],"wp:featuredmedia":[{"embeddable":true,"href":"https:\/\/libreriahistoriasdebolsillo.com\/index.php\/wp-json\/wp\/v2\/media\/4088"}],"wp:attachment":[{"href":"https:\/\/libreriahistoriasdebolsillo.com\/index.php\/wp-json\/wp\/v2\/media?parent=4087"}],"wp:term":[{"taxonomy":"product_brand","embeddable":true,"href":"https:\/\/libreriahistoriasdebolsillo.com\/index.php\/wp-json\/wp\/v2\/product_brand?post=4087"},{"taxonomy":"product_cat","embeddable":true,"href":"https:\/\/libreriahistoriasdebolsillo.com\/index.php\/wp-json\/wp\/v2\/product_cat?post=4087"},{"taxonomy":"product_tag","embeddable":true,"href":"https:\/\/libreriahistoriasdebolsillo.com\/index.php\/wp-json\/wp\/v2\/product_tag?post=4087"}],"curies":[{"name":"wp","href":"https:\/\/api.w.org\/{rel}","templated":true}]}}