{"id":4089,"date":"2024-04-09T14:16:17","date_gmt":"2024-04-09T20:16:17","guid":{"rendered":"https:\/\/libreriahistoriasdebolsillo.com\/?post_type=product&#038;p=4089"},"modified":"2026-03-27T09:11:24","modified_gmt":"2026-03-27T15:11:24","slug":"historias-de-cathalian-2-hijos-de-la-magia","status":"publish","type":"product","link":"https:\/\/libreriahistoriasdebolsillo.com\/index.php\/producto\/historias-de-cathalian-2-hijos-de-la-magia\/","title":{"rendered":"Historias de Cathalian 2. Hijos de la magia"},"content":{"rendered":"<p><b>\u00a1Descubre la nueva trilog\u00eda de fantas\u00eda rom\u00e1ntica de Andrea Longarela!<\/b><\/p>\n<p>Lo que ha descubierto Ziara sobre s\u00ed misma lo cambia todo.<\/p>\n<p>Ahora que es consciente de su poder, mil preguntas laatormentan cada segundo. \u00bfQui\u00e9n es? \u00bfCu\u00e1l es su lugar? \u00bfMerec\u00eda la pena dejar aRedka atr\u00e1s y sacrificar su futuro juntos?<\/p>\n<p>Redka nunca hab\u00eda tenido dudas&#8230; hasta ahora. Ziara hacambiado su mundo, y su huida lo ha colocado entre la espada y la pared. Tendr\u00e1 que tomar una decisi\u00f3n crucial: \u00bfle debe lealtad al rey o a su coraz\u00f3n?<\/p>\n<p>Mientras buscan respuestas y lidian con las secuelas de un amor aparentemente imposible, nuevos peligros y secretos amenazar\u00e1n sus vidas y las de sus aliados, y pondr\u00e1n en jaque el futuro del reino.<\/p>\n<p>\u00bfEst\u00e1 en sus manos el destino de Cathalian?<\/p>\n","protected":false},"excerpt":{"rendered":"<p>Andrea Longarela<\/p>\n","protected":false},"featured_media":4090,"template":"","meta":{"_joinchat":[]},"product_brand":[],"product_cat":[39,51],"product_tag":[34],"class_list":{"0":"post-4089","1":"product","2":"type-product","3":"status-publish","4":"has-post-thumbnail","6":"product_cat-fantasia","7":"product_cat-oferta","8":"product_tag-penguin-random-house","10":"first","11":"outofstock","12":"sale","13":"shipping-taxable","14":"purchasable","15":"product-type-simple"},"_links":{"self":[{"href":"https:\/\/libreriahistoriasdebolsillo.com\/index.php\/wp-json\/wp\/v2\/product\/4089","targetHints":{"allow":["GET"]}}],"collection":[{"href":"https:\/\/libreriahistoriasdebolsillo.com\/index.php\/wp-json\/wp\/v2\/product"}],"about":[{"href":"https:\/\/libreriahistoriasdebolsillo.com\/index.php\/wp-json\/wp\/v2\/types\/product"}],"wp:featuredmedia":[{"embeddable":true,"href":"https:\/\/libreriahistoriasdebolsillo.com\/index.php\/wp-json\/wp\/v2\/media\/4090"}],"wp:attachment":[{"href":"https:\/\/libreriahistoriasdebolsillo.com\/index.php\/wp-json\/wp\/v2\/media?parent=4089"}],"wp:term":[{"taxonomy":"product_brand","embeddable":true,"href":"https:\/\/libreriahistoriasdebolsillo.com\/index.php\/wp-json\/wp\/v2\/product_brand?post=4089"},{"taxonomy":"product_cat","embeddable":true,"href":"https:\/\/libreriahistoriasdebolsillo.com\/index.php\/wp-json\/wp\/v2\/product_cat?post=4089"},{"taxonomy":"product_tag","embeddable":true,"href":"https:\/\/libreriahistoriasdebolsillo.com\/index.php\/wp-json\/wp\/v2\/product_tag?post=4089"}],"curies":[{"name":"wp","href":"https:\/\/api.w.org\/{rel}","templated":true}]}}