{"id":4091,"date":"2024-04-09T14:19:36","date_gmt":"2024-04-09T20:19:36","guid":{"rendered":"https:\/\/libreriahistoriasdebolsillo.com\/?post_type=product&#038;p=4091"},"modified":"2025-11-26T18:18:56","modified_gmt":"2025-11-27T00:18:56","slug":"el-mundo-magico-de-harry-potter","status":"publish","type":"product","link":"https:\/\/libreriahistoriasdebolsillo.com\/index.php\/producto\/el-mundo-magico-de-harry-potter\/","title":{"rendered":"El mundo m\u00e1gico de Harry Potter"},"content":{"rendered":"<p><b>El libro oficial que complementa las novelas de J.K. Rowling<\/b><br \/>\n<b>\u00a1ilustrado a todo color!<\/b><\/p>\n<p>Descubre lugares encantados, estudia el noble arte de las varitas y apr\u00e9ndelo todo acerca de los animales fant\u00e1sticos y de las brujas y los magos m\u00e1s famosos. Desde el Sombrero Seleccionador a un conjunto de hechizos, \u00a1todo el mundo m\u00e1gico est\u00e1 contenido en este libro!<\/p>\n<p><b>\u00bfCu\u00e1ntas escaleras hay en Hogwarts?<\/b><\/p>\n<p><b>\u00bfQui\u00e9n tiene como patronus un cisne?<\/b><\/p>\n<p><b>\u00bfQu\u00e9 guarda Hagrid en sus bolsillos?<\/b><\/p>\n<p><b>\u00bfD\u00f3nde se puede comprar un micropuff?<\/b><\/p>\n<p>*Encontrar\u00e1sa\u00a0<b>todos tus personajes, objetos, hechizos y criaturas favoritas<\/b>\u00a0en este libro.<br \/>\n*Un\u00a0<b>impresionante libro ilustrado<\/b>\u00a0a todo color, con obras de siete ilustradores incre\u00edbles.<br \/>\n*Ideal tanto para\u00a0<b>coleccionistas como para nuevos fans del mundo m\u00e1gico.<\/b><\/p>\n","protected":false},"excerpt":{"rendered":"<p>J.K. Rowling<\/p>\n","protected":false},"featured_media":4092,"template":"","meta":{"_joinchat":[]},"product_brand":[],"product_cat":[39],"product_tag":[34],"class_list":{"0":"post-4091","1":"product","2":"type-product","3":"status-publish","4":"has-post-thumbnail","6":"product_cat-fantasia","7":"product_tag-penguin-random-house","9":"first","10":"outofstock","11":"shipping-taxable","12":"purchasable","13":"product-type-simple"},"_links":{"self":[{"href":"https:\/\/libreriahistoriasdebolsillo.com\/index.php\/wp-json\/wp\/v2\/product\/4091","targetHints":{"allow":["GET"]}}],"collection":[{"href":"https:\/\/libreriahistoriasdebolsillo.com\/index.php\/wp-json\/wp\/v2\/product"}],"about":[{"href":"https:\/\/libreriahistoriasdebolsillo.com\/index.php\/wp-json\/wp\/v2\/types\/product"}],"wp:featuredmedia":[{"embeddable":true,"href":"https:\/\/libreriahistoriasdebolsillo.com\/index.php\/wp-json\/wp\/v2\/media\/4092"}],"wp:attachment":[{"href":"https:\/\/libreriahistoriasdebolsillo.com\/index.php\/wp-json\/wp\/v2\/media?parent=4091"}],"wp:term":[{"taxonomy":"product_brand","embeddable":true,"href":"https:\/\/libreriahistoriasdebolsillo.com\/index.php\/wp-json\/wp\/v2\/product_brand?post=4091"},{"taxonomy":"product_cat","embeddable":true,"href":"https:\/\/libreriahistoriasdebolsillo.com\/index.php\/wp-json\/wp\/v2\/product_cat?post=4091"},{"taxonomy":"product_tag","embeddable":true,"href":"https:\/\/libreriahistoriasdebolsillo.com\/index.php\/wp-json\/wp\/v2\/product_tag?post=4091"}],"curies":[{"name":"wp","href":"https:\/\/api.w.org\/{rel}","templated":true}]}}