{"id":4095,"date":"2024-04-09T14:28:09","date_gmt":"2024-04-09T20:28:09","guid":{"rendered":"https:\/\/libreriahistoriasdebolsillo.com\/?post_type=product&#038;p=4095"},"modified":"2024-07-03T14:52:32","modified_gmt":"2024-07-03T20:52:32","slug":"citoverso-2-5-escuadron-cielo-la-coleccion","status":"publish","type":"product","link":"https:\/\/libreriahistoriasdebolsillo.com\/index.php\/producto\/citoverso-2-5-escuadron-cielo-la-coleccion\/","title":{"rendered":"Citoverso 2.5 . Escuadr\u00f3n cielo: La colecci\u00f3n"},"content":{"rendered":"<p><b>La colecci\u00f3n de novelas cortas de la saga de fantas\u00eda estelar \u00abEscuadr\u00f3n\u00bb. Este volumen incluye ilustraciones exclusivas de los personajes y las escenas eliminadas con comentarios de Brandon Sanderson.<\/b><\/p>\n<p><b>Incluye\u00a0<i>La defensa del El\u00edseo<\/i>.<\/b><\/p>\n<p>Viajamos con el Escuadr\u00f3n Cielo a Detritus, el \u00faltimo refugio de la humanidad frente al gobierno hostil de la Supremac\u00eda Gal\u00e1ctica. En\u00a0<i>Escuadr\u00f3n<\/i>, Spensa Nitghshade se convirti\u00f3 en piloto de caza estelar y pas\u00f3 a formar parte del Escuadr\u00f3n Cielo de la Fuerza de DefensaDesafiante con el objetivo de combatir la amenaza de la Supremac\u00eda. En\u00a0<i>Estelar<\/i>, se hizo pasar por la alien\u00edgena Alanik para infiltrarse en una estaci\u00f3n espacial de la Supremac\u00eda y robar sus hipermotores. Y en\u00a0<i>Cit\u00f3nica<\/i>\u00a0viaj\u00f3 a la extra\u00f1a dimensi\u00f3n conocida como la ninguna-parte para descubrir los secretos de los zapadores -unos seres capaces de destruir planetas enteros- y liberar sus propios poderes cit\u00f3nicos.<\/p>\n<p>Mientras Spensa est\u00e1 atrapada en la ninguna-parte, sus compa\u00f1eros de escuadr\u00f3n, FM y Jorgen permanecen en Detritus con nuevas \u00f3rdenes: averiguar c\u00f3mo utilizar los hipermotores para que la humanidad pueda huir del planeta y buscar aliados entre las otras especies oprimidas por la Supremac\u00eda. Primeror reciben una llamada de emergencia de le ministre Cuna y otres diones desde el puesto de avanzada abandonado de Alcance Solar, pero el pueblo de Alanik en el planeta ReAlba y los kitsen del planeta Orilla Perpetua necesitar\u00e1n tambi\u00e9n la ayuda del Escuadr\u00f3n Cielo en sus desesperadas batallas.<\/p>\n","protected":false},"excerpt":{"rendered":"<p>Brandon Sanderson<\/p>\n","protected":false},"featured_media":4096,"template":"","meta":{"_joinchat":[]},"product_brand":[],"product_cat":[40],"product_tag":[34],"class_list":{"0":"post-4095","1":"product","2":"type-product","3":"status-publish","4":"has-post-thumbnail","6":"product_cat-ciencia-ficcion","7":"product_tag-penguin-random-house","9":"first","10":"outofstock","11":"shipping-taxable","12":"purchasable","13":"product-type-simple"},"_links":{"self":[{"href":"https:\/\/libreriahistoriasdebolsillo.com\/index.php\/wp-json\/wp\/v2\/product\/4095","targetHints":{"allow":["GET"]}}],"collection":[{"href":"https:\/\/libreriahistoriasdebolsillo.com\/index.php\/wp-json\/wp\/v2\/product"}],"about":[{"href":"https:\/\/libreriahistoriasdebolsillo.com\/index.php\/wp-json\/wp\/v2\/types\/product"}],"wp:featuredmedia":[{"embeddable":true,"href":"https:\/\/libreriahistoriasdebolsillo.com\/index.php\/wp-json\/wp\/v2\/media\/4096"}],"wp:attachment":[{"href":"https:\/\/libreriahistoriasdebolsillo.com\/index.php\/wp-json\/wp\/v2\/media?parent=4095"}],"wp:term":[{"taxonomy":"product_brand","embeddable":true,"href":"https:\/\/libreriahistoriasdebolsillo.com\/index.php\/wp-json\/wp\/v2\/product_brand?post=4095"},{"taxonomy":"product_cat","embeddable":true,"href":"https:\/\/libreriahistoriasdebolsillo.com\/index.php\/wp-json\/wp\/v2\/product_cat?post=4095"},{"taxonomy":"product_tag","embeddable":true,"href":"https:\/\/libreriahistoriasdebolsillo.com\/index.php\/wp-json\/wp\/v2\/product_tag?post=4095"}],"curies":[{"name":"wp","href":"https:\/\/api.w.org\/{rel}","templated":true}]}}