{"id":4099,"date":"2024-04-09T14:32:41","date_gmt":"2024-04-09T20:32:41","guid":{"rendered":"https:\/\/libreriahistoriasdebolsillo.com\/?post_type=product&#038;p=4099"},"modified":"2024-07-01T16:12:57","modified_gmt":"2024-07-01T22:12:57","slug":"harry-potter-6-el-misterio-del-principe","status":"publish","type":"product","link":"https:\/\/libreriahistoriasdebolsillo.com\/index.php\/producto\/harry-potter-6-el-misterio-del-principe\/","title":{"rendered":"Harry Potter 6. El misterio del principe"},"content":{"rendered":"<p>Con diecis\u00e9is a\u00f1os cumplidos, Harry inicia el sexto curso en Hogwarts en medio de terribles acontecimientos que asolan Inglaterra. Elegido capit\u00e1n del equipo de quidditch, los ensayos, los ex\u00e1menes y las chicas ocupan todo su tiempo, pero la tranquilidad dura poco.<\/p>\n<p>A pesar de los f\u00e9rreos controles de seguridad que protegen la escuela, dos alumnos son brutalmente atacados. Dumbledore sabe que se acerca el momento, anunciado por la Profec\u00eda, en que Harry y Voldemort se enfrentar\u00e1n a muerte: \u00abEl \u00fanico con poder para vencer al Se\u00f1or Tenebroso se acerca&#8230; Uno de los dos debe morir a manos del otro, pues ninguno de los dos podr\u00e1 vivir mientras siga el otro con vida.\u00bb<\/p>\n<p>El anciano director solicitar\u00e1 la ayuda de Harry y juntos emprender\u00e1n peligrosos viajes para intentar debilitar al enemigo, para lo cual el joven mago contar\u00e1 con un viejo libro de pociones perteneciente a un misterioso personaje, alguien que se hace llamar Pr\u00edncipe Mestizo.<\/p>\n","protected":false},"excerpt":{"rendered":"<p>J.K. Rowling<\/p>\n","protected":false},"featured_media":4100,"template":"","meta":{"_joinchat":[]},"product_brand":[],"product_cat":[39,54,52],"product_tag":[34],"class_list":{"0":"post-4099","1":"product","2":"type-product","3":"status-publish","4":"has-post-thumbnail","6":"product_cat-fantasia","7":"product_cat-infantil","8":"product_cat-juvenil","9":"product_tag-penguin-random-house","11":"first","12":"outofstock","13":"shipping-taxable","14":"purchasable","15":"product-type-simple"},"_links":{"self":[{"href":"https:\/\/libreriahistoriasdebolsillo.com\/index.php\/wp-json\/wp\/v2\/product\/4099","targetHints":{"allow":["GET"]}}],"collection":[{"href":"https:\/\/libreriahistoriasdebolsillo.com\/index.php\/wp-json\/wp\/v2\/product"}],"about":[{"href":"https:\/\/libreriahistoriasdebolsillo.com\/index.php\/wp-json\/wp\/v2\/types\/product"}],"wp:featuredmedia":[{"embeddable":true,"href":"https:\/\/libreriahistoriasdebolsillo.com\/index.php\/wp-json\/wp\/v2\/media\/4100"}],"wp:attachment":[{"href":"https:\/\/libreriahistoriasdebolsillo.com\/index.php\/wp-json\/wp\/v2\/media?parent=4099"}],"wp:term":[{"taxonomy":"product_brand","embeddable":true,"href":"https:\/\/libreriahistoriasdebolsillo.com\/index.php\/wp-json\/wp\/v2\/product_brand?post=4099"},{"taxonomy":"product_cat","embeddable":true,"href":"https:\/\/libreriahistoriasdebolsillo.com\/index.php\/wp-json\/wp\/v2\/product_cat?post=4099"},{"taxonomy":"product_tag","embeddable":true,"href":"https:\/\/libreriahistoriasdebolsillo.com\/index.php\/wp-json\/wp\/v2\/product_tag?post=4099"}],"curies":[{"name":"wp","href":"https:\/\/api.w.org\/{rel}","templated":true}]}}