{"id":4101,"date":"2024-04-09T14:33:57","date_gmt":"2024-04-09T20:33:57","guid":{"rendered":"https:\/\/libreriahistoriasdebolsillo.com\/?post_type=product&#038;p=4101"},"modified":"2024-07-01T16:12:52","modified_gmt":"2024-07-01T22:12:52","slug":"harry-potter-7-las-reliquias-de-la-muerte","status":"publish","type":"product","link":"https:\/\/libreriahistoriasdebolsillo.com\/index.php\/producto\/harry-potter-7-las-reliquias-de-la-muerte\/","title":{"rendered":"Harry Potter 7. Las reliquias de la muerte"},"content":{"rendered":"<p>\u00abEntregadme a Harry Potter -dijo la voz de Voldemort- y nadie sufrir\u00e1 ning\u00fan da\u00f1o. Entregadme a Harry Potter y dejar\u00e9 el colegio intacto. Entregadme a Harry Potter y ser\u00e9is recompensados.\u00bb<\/p>\n<p>Cuando se monta en el sidecar de la moto de Hagrid y se eleva en el cielo, dejando Privet Drive por \u00faltima vez, Harry Potter sabe que lord Voldemort y sus mort\u00edfagos se hallan cerca. El encantamiento protector que hab\u00eda mantenido a salvo a Harry se ha roto, pero \u00e9l no puede seguir escondi\u00e9ndose. El Se\u00f1or Tenebroso se dedica a aterrorizar a todos los seres queridos de Harry, y, para detenerlo, \u00e9ste habr\u00e1 de encontrar y destruir los horrocruxes que quedan. La batalla definitiva debe comenzar: Harry tendr\u00e1 que alzarse y enfrentarse a su enemigo&#8230;<\/p>\n","protected":false},"excerpt":{"rendered":"<p>J.K. Rowling<\/p>\n","protected":false},"featured_media":4102,"template":"","meta":{"_joinchat":[]},"product_brand":[],"product_cat":[39,54,52],"product_tag":[34],"class_list":{"0":"post-4101","1":"product","2":"type-product","3":"status-publish","4":"has-post-thumbnail","6":"product_cat-fantasia","7":"product_cat-infantil","8":"product_cat-juvenil","9":"product_tag-penguin-random-house","11":"first","12":"outofstock","13":"shipping-taxable","14":"purchasable","15":"product-type-simple"},"_links":{"self":[{"href":"https:\/\/libreriahistoriasdebolsillo.com\/index.php\/wp-json\/wp\/v2\/product\/4101","targetHints":{"allow":["GET"]}}],"collection":[{"href":"https:\/\/libreriahistoriasdebolsillo.com\/index.php\/wp-json\/wp\/v2\/product"}],"about":[{"href":"https:\/\/libreriahistoriasdebolsillo.com\/index.php\/wp-json\/wp\/v2\/types\/product"}],"wp:featuredmedia":[{"embeddable":true,"href":"https:\/\/libreriahistoriasdebolsillo.com\/index.php\/wp-json\/wp\/v2\/media\/4102"}],"wp:attachment":[{"href":"https:\/\/libreriahistoriasdebolsillo.com\/index.php\/wp-json\/wp\/v2\/media?parent=4101"}],"wp:term":[{"taxonomy":"product_brand","embeddable":true,"href":"https:\/\/libreriahistoriasdebolsillo.com\/index.php\/wp-json\/wp\/v2\/product_brand?post=4101"},{"taxonomy":"product_cat","embeddable":true,"href":"https:\/\/libreriahistoriasdebolsillo.com\/index.php\/wp-json\/wp\/v2\/product_cat?post=4101"},{"taxonomy":"product_tag","embeddable":true,"href":"https:\/\/libreriahistoriasdebolsillo.com\/index.php\/wp-json\/wp\/v2\/product_tag?post=4101"}],"curies":[{"name":"wp","href":"https:\/\/api.w.org\/{rel}","templated":true}]}}