{"id":4103,"date":"2024-04-09T14:35:18","date_gmt":"2024-04-09T20:35:18","guid":{"rendered":"https:\/\/libreriahistoriasdebolsillo.com\/?post_type=product&#038;p=4103"},"modified":"2024-07-01T16:12:48","modified_gmt":"2024-07-01T22:12:48","slug":"harry-potter-5-la-orden-del-fenix","status":"publish","type":"product","link":"https:\/\/libreriahistoriasdebolsillo.com\/index.php\/producto\/harry-potter-5-la-orden-del-fenix\/","title":{"rendered":"Harry Potter 5. La orden del f\u00e9nix"},"content":{"rendered":"<p>\u00abEl director cree que no es conveniente que eso contin\u00fae ocurriendo. Quiere que te ense\u00f1e a cerrar tu mente al Se\u00f1or Tenebroso.\u00bb<\/p>\n<p>Son malos tiempos para Hogwarts. Tras el ataque de los dementores a su primo Dudley, Harry Potter comprende que Voldemort no se detendr\u00e1 ante nada para encontrarlo. Muchos niegan que el Se\u00f1or Tenebroso haya regresado, pero Harry no est\u00e1 solo: una orden secreta se re\u00fane en Grimmauld Place para luchar contra las fuerzas oscuras. Harry debe permitir que el profesor Snape le ense\u00f1e a protegerse de las brutales incursiones de Voldemort en su mente. Pero \u00e9stas son cada vez m\u00e1s potentes, y a Harry se le est\u00e1 agotando el tiempo&#8230;<\/p>\n","protected":false},"excerpt":{"rendered":"<p>J.K. Rowling<\/p>\n","protected":false},"featured_media":4104,"template":"","meta":{"_joinchat":[]},"product_brand":[],"product_cat":[39,54,52],"product_tag":[34],"class_list":{"0":"post-4103","1":"product","2":"type-product","3":"status-publish","4":"has-post-thumbnail","6":"product_cat-fantasia","7":"product_cat-infantil","8":"product_cat-juvenil","9":"product_tag-penguin-random-house","11":"first","12":"outofstock","13":"shipping-taxable","14":"purchasable","15":"product-type-simple"},"_links":{"self":[{"href":"https:\/\/libreriahistoriasdebolsillo.com\/index.php\/wp-json\/wp\/v2\/product\/4103","targetHints":{"allow":["GET"]}}],"collection":[{"href":"https:\/\/libreriahistoriasdebolsillo.com\/index.php\/wp-json\/wp\/v2\/product"}],"about":[{"href":"https:\/\/libreriahistoriasdebolsillo.com\/index.php\/wp-json\/wp\/v2\/types\/product"}],"wp:featuredmedia":[{"embeddable":true,"href":"https:\/\/libreriahistoriasdebolsillo.com\/index.php\/wp-json\/wp\/v2\/media\/4104"}],"wp:attachment":[{"href":"https:\/\/libreriahistoriasdebolsillo.com\/index.php\/wp-json\/wp\/v2\/media?parent=4103"}],"wp:term":[{"taxonomy":"product_brand","embeddable":true,"href":"https:\/\/libreriahistoriasdebolsillo.com\/index.php\/wp-json\/wp\/v2\/product_brand?post=4103"},{"taxonomy":"product_cat","embeddable":true,"href":"https:\/\/libreriahistoriasdebolsillo.com\/index.php\/wp-json\/wp\/v2\/product_cat?post=4103"},{"taxonomy":"product_tag","embeddable":true,"href":"https:\/\/libreriahistoriasdebolsillo.com\/index.php\/wp-json\/wp\/v2\/product_tag?post=4103"}],"curies":[{"name":"wp","href":"https:\/\/api.w.org\/{rel}","templated":true}]}}