{"id":4105,"date":"2024-04-09T14:40:23","date_gmt":"2024-04-09T20:40:23","guid":{"rendered":"https:\/\/libreriahistoriasdebolsillo.com\/?post_type=product&#038;p=4105"},"modified":"2024-06-11T16:25:41","modified_gmt":"2024-06-11T22:25:41","slug":"la-casa-de-los-espiritus-1-hija-de-la-fortuna","status":"publish","type":"product","link":"https:\/\/libreriahistoriasdebolsillo.com\/index.php\/producto\/la-casa-de-los-espiritus-1-hija-de-la-fortuna\/","title":{"rendered":"La casa de los esp\u00edritus 1. Hija de la fortuna"},"content":{"rendered":"<p>Eliza Sommers es una joven chilena que vive en\u00a0<b>Valpara\u00edso en 1849<\/b>, el a\u00f1o en que se descubre oro en California. Su amante, Joaqu\u00edn Andieta, parte hacia el norte resuelto a encontrar fortuna, y ella decide seguirlo. El viaje infernal, escondida en la cala de un velero, y la b\u00fasqueda de su amado en una tierra de hombres solos y prostitutas atra\u00eddos por la fiebre del oro, transforman a la joven inocente en una mujer fuera de lo com\u00fan. Eliza recibe ayuda y afecto de Tao Chi\u2019en, un m\u00e9dicochino, quien la conducir\u00e1 de la mano en un itinerario memorable por los misterios y contradicciones de la condici\u00f3n humana.<\/p>\n<p><b>Hija de la fortuna<\/b>\u00a0es un retrato palpitante de una \u00e9poca marcada por la violencia y la codicia en la cual los protagonistas rescatan\u00a0<b>el amor, la amistad, la compasi\u00f3n y el valor<\/b>. En esta ambiciosa novela,\u00a0<b>Isabel Allende<\/b>\u00a0presenta un universo fascinante, poblado deentra\u00f1ables personajes que, como tantos otros de la autora, se quedan para siempre en la memoria y el coraz\u00f3n de los lectores.<\/p>\n","protected":false},"excerpt":{"rendered":"<p>Isabel Allende<\/p>\n","protected":false},"featured_media":4106,"template":"","meta":{"_joinchat":[]},"product_brand":[],"product_cat":[33],"product_tag":[34],"class_list":{"0":"post-4105","1":"product","2":"type-product","3":"status-publish","4":"has-post-thumbnail","6":"product_cat-ficcion-general","7":"product_tag-penguin-random-house","9":"first","10":"outofstock","11":"shipping-taxable","12":"purchasable","13":"product-type-simple"},"_links":{"self":[{"href":"https:\/\/libreriahistoriasdebolsillo.com\/index.php\/wp-json\/wp\/v2\/product\/4105","targetHints":{"allow":["GET"]}}],"collection":[{"href":"https:\/\/libreriahistoriasdebolsillo.com\/index.php\/wp-json\/wp\/v2\/product"}],"about":[{"href":"https:\/\/libreriahistoriasdebolsillo.com\/index.php\/wp-json\/wp\/v2\/types\/product"}],"wp:featuredmedia":[{"embeddable":true,"href":"https:\/\/libreriahistoriasdebolsillo.com\/index.php\/wp-json\/wp\/v2\/media\/4106"}],"wp:attachment":[{"href":"https:\/\/libreriahistoriasdebolsillo.com\/index.php\/wp-json\/wp\/v2\/media?parent=4105"}],"wp:term":[{"taxonomy":"product_brand","embeddable":true,"href":"https:\/\/libreriahistoriasdebolsillo.com\/index.php\/wp-json\/wp\/v2\/product_brand?post=4105"},{"taxonomy":"product_cat","embeddable":true,"href":"https:\/\/libreriahistoriasdebolsillo.com\/index.php\/wp-json\/wp\/v2\/product_cat?post=4105"},{"taxonomy":"product_tag","embeddable":true,"href":"https:\/\/libreriahistoriasdebolsillo.com\/index.php\/wp-json\/wp\/v2\/product_tag?post=4105"}],"curies":[{"name":"wp","href":"https:\/\/api.w.org\/{rel}","templated":true}]}}