{"id":4107,"date":"2024-04-09T14:42:10","date_gmt":"2024-04-09T20:42:10","guid":{"rendered":"https:\/\/libreriahistoriasdebolsillo.com\/?post_type=product&#038;p=4107"},"modified":"2024-06-11T16:25:50","modified_gmt":"2024-06-11T22:25:50","slug":"la-casa-de-los-espiritus-2-retrato-en-sepia","status":"publish","type":"product","link":"https:\/\/libreriahistoriasdebolsillo.com\/index.php\/producto\/la-casa-de-los-espiritus-2-retrato-en-sepia\/","title":{"rendered":"La casa de los esp\u00edritus 2. Retrato en sepia"},"content":{"rendered":"<p>Narrada con la voz de una joven \u00fanica, esta magn\u00edfica novela hist\u00f3rica, situada a finales del\u00a0<b>siglo<\/b>\u00a0<b>XIX<\/b><b>\u00a0en Chile<\/b>, contin\u00faa una portentosa saga familiar que comparte personajes con Hija de la fortuna y La casa de los esp\u00edritus, novelas cumbres en la obra de Isabel Allende. La protagonista, Aurora del Valle, sufre un trauma brutal que determina su car\u00e1cter y borra de su mente los primeros cinco a\u00f1os de su vida. Criada por su ambiciosa abuela, Paulina del Valle, crece en un ambiente privilegiado, libre de muchas de las limitaciones que oprimen a las mujeres de su \u00e9poca, pero atormentada por horribles pesadillas. Cuando debe afrontar la traici\u00f3n del hombre que ama y la soledad, Aurora decide explorar el misterio de su pasado. El resultado es una obra de extraordinaria dimensi\u00f3n humana, centrada en la memoria y los secretos de familia, en la que la autora alcanza nuevas cotas de perfecci\u00f3n literaria<\/p>\n","protected":false},"excerpt":{"rendered":"<p>Isabel Allende<\/p>\n","protected":false},"featured_media":4108,"template":"","meta":{"_joinchat":[]},"product_brand":[],"product_cat":[33],"product_tag":[34],"class_list":{"0":"post-4107","1":"product","2":"type-product","3":"status-publish","4":"has-post-thumbnail","6":"product_cat-ficcion-general","7":"product_tag-penguin-random-house","9":"first","10":"outofstock","11":"shipping-taxable","12":"purchasable","13":"product-type-simple"},"_links":{"self":[{"href":"https:\/\/libreriahistoriasdebolsillo.com\/index.php\/wp-json\/wp\/v2\/product\/4107","targetHints":{"allow":["GET"]}}],"collection":[{"href":"https:\/\/libreriahistoriasdebolsillo.com\/index.php\/wp-json\/wp\/v2\/product"}],"about":[{"href":"https:\/\/libreriahistoriasdebolsillo.com\/index.php\/wp-json\/wp\/v2\/types\/product"}],"wp:featuredmedia":[{"embeddable":true,"href":"https:\/\/libreriahistoriasdebolsillo.com\/index.php\/wp-json\/wp\/v2\/media\/4108"}],"wp:attachment":[{"href":"https:\/\/libreriahistoriasdebolsillo.com\/index.php\/wp-json\/wp\/v2\/media?parent=4107"}],"wp:term":[{"taxonomy":"product_brand","embeddable":true,"href":"https:\/\/libreriahistoriasdebolsillo.com\/index.php\/wp-json\/wp\/v2\/product_brand?post=4107"},{"taxonomy":"product_cat","embeddable":true,"href":"https:\/\/libreriahistoriasdebolsillo.com\/index.php\/wp-json\/wp\/v2\/product_cat?post=4107"},{"taxonomy":"product_tag","embeddable":true,"href":"https:\/\/libreriahistoriasdebolsillo.com\/index.php\/wp-json\/wp\/v2\/product_tag?post=4107"}],"curies":[{"name":"wp","href":"https:\/\/api.w.org\/{rel}","templated":true}]}}