{"id":4109,"date":"2024-04-09T14:44:11","date_gmt":"2024-04-09T20:44:11","guid":{"rendered":"https:\/\/libreriahistoriasdebolsillo.com\/?post_type=product&#038;p=4109"},"modified":"2024-05-07T13:38:25","modified_gmt":"2024-05-07T19:38:25","slug":"la-casa-de-los-espiritus-3-la-casa-de-los-espiritus","status":"publish","type":"product","link":"https:\/\/libreriahistoriasdebolsillo.com\/index.php\/producto\/la-casa-de-los-espiritus-3-la-casa-de-los-espiritus\/","title":{"rendered":"La casa de los esp\u00edritus 3. La casa de los esp\u00edritus"},"content":{"rendered":"<p>Ambientada en un pa\u00eds sin nombre que bien podr\u00eda ser\u00a0<b>Chile<\/b>, La casa de los esp\u00edritus narra la saga de una p<b>oderosa familia de terratenientes<\/b>. En el principio, el desp\u00f3tico patriarca Esteban Trueba construye con mano de hierro un imperio personal, pero todo empieza a tambalearse con el paso del tiempo y los efectos de un entorno social explosivo. Finalmente, la decadencia del patriarca arrastrar\u00e1 a los Trueba a una dolorosa desintegraci\u00f3n, que reflejar\u00e1 en el \u00e1mbito privado las tensiones pol\u00edticas y espirituales de todo un territorio y una \u00e9poca.<\/p>\n","protected":false},"excerpt":{"rendered":"<p>Isabel Allende<\/p>\n","protected":false},"featured_media":4110,"template":"","meta":{"_joinchat":[]},"product_brand":[],"product_cat":[33],"product_tag":[34],"class_list":{"0":"post-4109","1":"product","2":"type-product","3":"status-publish","4":"has-post-thumbnail","6":"product_cat-ficcion-general","7":"product_tag-penguin-random-house","9":"first","10":"outofstock","11":"shipping-taxable","12":"purchasable","13":"product-type-simple"},"_links":{"self":[{"href":"https:\/\/libreriahistoriasdebolsillo.com\/index.php\/wp-json\/wp\/v2\/product\/4109","targetHints":{"allow":["GET"]}}],"collection":[{"href":"https:\/\/libreriahistoriasdebolsillo.com\/index.php\/wp-json\/wp\/v2\/product"}],"about":[{"href":"https:\/\/libreriahistoriasdebolsillo.com\/index.php\/wp-json\/wp\/v2\/types\/product"}],"wp:featuredmedia":[{"embeddable":true,"href":"https:\/\/libreriahistoriasdebolsillo.com\/index.php\/wp-json\/wp\/v2\/media\/4110"}],"wp:attachment":[{"href":"https:\/\/libreriahistoriasdebolsillo.com\/index.php\/wp-json\/wp\/v2\/media?parent=4109"}],"wp:term":[{"taxonomy":"product_brand","embeddable":true,"href":"https:\/\/libreriahistoriasdebolsillo.com\/index.php\/wp-json\/wp\/v2\/product_brand?post=4109"},{"taxonomy":"product_cat","embeddable":true,"href":"https:\/\/libreriahistoriasdebolsillo.com\/index.php\/wp-json\/wp\/v2\/product_cat?post=4109"},{"taxonomy":"product_tag","embeddable":true,"href":"https:\/\/libreriahistoriasdebolsillo.com\/index.php\/wp-json\/wp\/v2\/product_tag?post=4109"}],"curies":[{"name":"wp","href":"https:\/\/api.w.org\/{rel}","templated":true}]}}