{"id":4112,"date":"2024-04-09T14:47:27","date_gmt":"2024-04-09T20:47:27","guid":{"rendered":"https:\/\/libreriahistoriasdebolsillo.com\/?post_type=product&#038;p=4112"},"modified":"2024-06-11T16:23:36","modified_gmt":"2024-06-11T22:23:36","slug":"divergente-1-divergente","status":"publish","type":"product","link":"https:\/\/libreriahistoriasdebolsillo.com\/index.php\/producto\/divergente-1-divergente\/","title":{"rendered":"Divergente 1. Divergente"},"content":{"rendered":"<p><b>Una elecci\u00f3n que delimita qui\u00e9nes son tus amigos<\/b><\/p>\n<p><b>Una elecci\u00f3n que define tus creencias<\/b><\/p>\n<p><b>Una elecci\u00f3n que determina tus lealtades\u2026 para siempre<\/b><\/p>\n<p><b>UNA SOLA ELECCI\u00d3N PUEDE TRANSFORMARTE<\/b><\/p>\n<p>En el\u00a0<b>Chicago dist\u00f3pico<\/b>\u00a0en el que vive la joven Beatrice Prior, la\u00a0<b>sociedad<\/b>\u00a0est\u00e1 dividida en cinco facciones, cada una de ellas dedicada a cultivar una virtud concreta:\u00a0<b>Verdad<\/b>\u00a0(los sinceros),\u00a0<b>Abnegaci\u00f3n<\/b>\u00a0(los altruistas),\u00a0<b>Osad\u00eda<\/b>\u00a0(los valientes),\u00a0<b>Cordialidad<\/b>\u00a0(los pac\u00edficos) y\u00a0<b>Erudici\u00f3n<\/b>\u00a0(los inteligentes). En una ceremonia anual, todos los chicos de diecis\u00e9isa\u00f1os deben decidir a qu\u00e9 facci\u00f3n dedicar\u00e1n el resto de sus vidas. Beatrice tiene que elegir entre quedarse con su familia&#8230; y ser quien realmente es. Sabe que no puede tener ambas cosas. As\u00ed que toma una decisi\u00f3n que sorprender\u00e1 a todo el mundo, incluida ella.<\/p>\n<p>La debutante\u00a0<b>Veronica<\/b><b>\u00a0Roth<\/b>\u00a0irrumpe en la escena literaria con esta novela -primera de una fascinante trilog\u00eda- llena de\u00a0<b>suspenso<\/b>, peligro, amores inesperados y decisiones dif\u00edciles.<\/p>\n<p>\u201cUn libro absorbente y fascinante.\u201d James Dashner, autor de\u00a0<i>E<\/i><i>l corredor del laberinto<\/i>, bestseller de The New York Times<\/p>\n","protected":false},"excerpt":{"rendered":"<p>Veronica Roth<\/p>\n","protected":false},"featured_media":4113,"template":"","meta":{"_joinchat":[]},"product_brand":[],"product_cat":[40,72],"product_tag":[34],"class_list":{"0":"post-4112","1":"product","2":"type-product","3":"status-publish","4":"has-post-thumbnail","6":"product_cat-ciencia-ficcion","7":"product_cat-distopico","8":"product_tag-penguin-random-house","10":"first","11":"outofstock","12":"shipping-taxable","13":"purchasable","14":"product-type-simple"},"_links":{"self":[{"href":"https:\/\/libreriahistoriasdebolsillo.com\/index.php\/wp-json\/wp\/v2\/product\/4112","targetHints":{"allow":["GET"]}}],"collection":[{"href":"https:\/\/libreriahistoriasdebolsillo.com\/index.php\/wp-json\/wp\/v2\/product"}],"about":[{"href":"https:\/\/libreriahistoriasdebolsillo.com\/index.php\/wp-json\/wp\/v2\/types\/product"}],"wp:featuredmedia":[{"embeddable":true,"href":"https:\/\/libreriahistoriasdebolsillo.com\/index.php\/wp-json\/wp\/v2\/media\/4113"}],"wp:attachment":[{"href":"https:\/\/libreriahistoriasdebolsillo.com\/index.php\/wp-json\/wp\/v2\/media?parent=4112"}],"wp:term":[{"taxonomy":"product_brand","embeddable":true,"href":"https:\/\/libreriahistoriasdebolsillo.com\/index.php\/wp-json\/wp\/v2\/product_brand?post=4112"},{"taxonomy":"product_cat","embeddable":true,"href":"https:\/\/libreriahistoriasdebolsillo.com\/index.php\/wp-json\/wp\/v2\/product_cat?post=4112"},{"taxonomy":"product_tag","embeddable":true,"href":"https:\/\/libreriahistoriasdebolsillo.com\/index.php\/wp-json\/wp\/v2\/product_tag?post=4112"}],"curies":[{"name":"wp","href":"https:\/\/api.w.org\/{rel}","templated":true}]}}