{"id":4114,"date":"2024-04-09T14:49:23","date_gmt":"2024-04-09T20:49:23","guid":{"rendered":"https:\/\/libreriahistoriasdebolsillo.com\/?post_type=product&#038;p=4114"},"modified":"2024-06-11T16:23:31","modified_gmt":"2024-06-11T22:23:31","slug":"divergente-2-insurgente","status":"publish","type":"product","link":"https:\/\/libreriahistoriasdebolsillo.com\/index.php\/producto\/divergente-2-insurgente\/","title":{"rendered":"Divergente 2. Insurgente"},"content":{"rendered":"<p><b>Una sola elecci\u00f3n puede transformarte\u2026 o destruirte.<\/b>\u00a0Sin embargo, toda elecci\u00f3n tiene sus consecuencias, as\u00ed que, cuando los disturbios se extienden por las facciones que forman esta sociedad, Tris Prior, protagonista de esta novela, debe seguir intentando salvar a sus seres queridos (y a s\u00ed misma), mientras se enfrenta a inquietantes dilemas sobre la pena y el perd\u00f3n, la identidad y la lealtad, la pol\u00edtica y el amor. A su alrededor, el conflictoentre las facciones y sus\u00a0<b>distintas ideolog\u00edas<\/b>\u00a0se intensifica y la\u00a0<b>guerra<\/b>\u00a0acecha en el horizonte. El peligro en\u00a0<b>tiempos de guerra<\/b>\u00a0es que se debe escoger un bando, desvelar secretos\u2026 y las consecuencias de cada elecci\u00f3n se convierten en algo a\u00fan m\u00e1s irrevocable y poderoso.<\/p>\n<p><i>Insurgente<\/i>es la esperada\u00a0<b>segunda parte de la saga dist\u00f3pica<\/b>\u00a0<i><b>Divergente<\/b><\/i>, de la exitosa autora Veronica Roth, quien nos entrega otra trepidante historia llena de giros inesperados, desenga\u00f1os, amor y profundas reflexiones sobre la naturaleza humana\u2026<\/p>\n","protected":false},"excerpt":{"rendered":"<p>Veronica Roth<\/p>\n","protected":false},"featured_media":4115,"template":"","meta":{"_joinchat":[]},"product_brand":[],"product_cat":[40,72],"product_tag":[34],"class_list":{"0":"post-4114","1":"product","2":"type-product","3":"status-publish","4":"has-post-thumbnail","6":"product_cat-ciencia-ficcion","7":"product_cat-distopico","8":"product_tag-penguin-random-house","10":"first","11":"outofstock","12":"sale","13":"shipping-taxable","14":"purchasable","15":"product-type-simple"},"_links":{"self":[{"href":"https:\/\/libreriahistoriasdebolsillo.com\/index.php\/wp-json\/wp\/v2\/product\/4114","targetHints":{"allow":["GET"]}}],"collection":[{"href":"https:\/\/libreriahistoriasdebolsillo.com\/index.php\/wp-json\/wp\/v2\/product"}],"about":[{"href":"https:\/\/libreriahistoriasdebolsillo.com\/index.php\/wp-json\/wp\/v2\/types\/product"}],"wp:featuredmedia":[{"embeddable":true,"href":"https:\/\/libreriahistoriasdebolsillo.com\/index.php\/wp-json\/wp\/v2\/media\/4115"}],"wp:attachment":[{"href":"https:\/\/libreriahistoriasdebolsillo.com\/index.php\/wp-json\/wp\/v2\/media?parent=4114"}],"wp:term":[{"taxonomy":"product_brand","embeddable":true,"href":"https:\/\/libreriahistoriasdebolsillo.com\/index.php\/wp-json\/wp\/v2\/product_brand?post=4114"},{"taxonomy":"product_cat","embeddable":true,"href":"https:\/\/libreriahistoriasdebolsillo.com\/index.php\/wp-json\/wp\/v2\/product_cat?post=4114"},{"taxonomy":"product_tag","embeddable":true,"href":"https:\/\/libreriahistoriasdebolsillo.com\/index.php\/wp-json\/wp\/v2\/product_tag?post=4114"}],"curies":[{"name":"wp","href":"https:\/\/api.w.org\/{rel}","templated":true}]}}