{"id":4117,"date":"2024-04-09T14:52:32","date_gmt":"2024-04-09T20:52:32","guid":{"rendered":"https:\/\/libreriahistoriasdebolsillo.com\/?post_type=product&#038;p=4117"},"modified":"2024-10-23T15:46:45","modified_gmt":"2024-10-23T21:46:45","slug":"aqui-no-es-miami","status":"publish","type":"product","link":"https:\/\/libreriahistoriasdebolsillo.com\/index.php\/producto\/aqui-no-es-miami\/","title":{"rendered":"Aqu\u00ed no es Miami"},"content":{"rendered":"<p>En una \u00e9poca de l\u00edmites borrosos entre la verdad y la mentira, este libro aborda l\u00facidamente las condiciones que germinaron el terror de la llamada\u00a0<b>Guerra contra el Narco<\/b>\u00a0en el estado de\u00a0<b>Veracruz<\/b>. Aqu\u00ed no hay datos sueltos sino historias que trascienden con soltura las casillas del\u00a0<b>periodismo<\/b>, formas literarias que revelan el sentidooculto detr\u00e1s de lo cotidiano y de lo extra\u00f1o. A trav\u00e9s de la\u00a0<b>memoria personal<\/b>, la\u00a0<b>cr\u00f3nica<\/b>, el<b>\u00a0cuento de terror<\/b>, y con una mirada honda y compasiva, cruda y directa, la autora nos confronta con relatos conmovedores en cuyo centro pulsa la lucha por la supervivencia.<\/p>\n","protected":false},"excerpt":{"rendered":"<p>Fernanda Melchor<\/p>\n","protected":false},"featured_media":4118,"template":"","meta":{"_joinchat":[]},"product_brand":[],"product_cat":[33,51],"product_tag":[34],"class_list":{"0":"post-4117","1":"product","2":"type-product","3":"status-publish","4":"has-post-thumbnail","6":"product_cat-ficcion-general","7":"product_cat-oferta","8":"product_tag-penguin-random-house","10":"first","11":"instock","12":"shipping-taxable","13":"purchasable","14":"product-type-simple"},"_links":{"self":[{"href":"https:\/\/libreriahistoriasdebolsillo.com\/index.php\/wp-json\/wp\/v2\/product\/4117","targetHints":{"allow":["GET"]}}],"collection":[{"href":"https:\/\/libreriahistoriasdebolsillo.com\/index.php\/wp-json\/wp\/v2\/product"}],"about":[{"href":"https:\/\/libreriahistoriasdebolsillo.com\/index.php\/wp-json\/wp\/v2\/types\/product"}],"wp:featuredmedia":[{"embeddable":true,"href":"https:\/\/libreriahistoriasdebolsillo.com\/index.php\/wp-json\/wp\/v2\/media\/4118"}],"wp:attachment":[{"href":"https:\/\/libreriahistoriasdebolsillo.com\/index.php\/wp-json\/wp\/v2\/media?parent=4117"}],"wp:term":[{"taxonomy":"product_brand","embeddable":true,"href":"https:\/\/libreriahistoriasdebolsillo.com\/index.php\/wp-json\/wp\/v2\/product_brand?post=4117"},{"taxonomy":"product_cat","embeddable":true,"href":"https:\/\/libreriahistoriasdebolsillo.com\/index.php\/wp-json\/wp\/v2\/product_cat?post=4117"},{"taxonomy":"product_tag","embeddable":true,"href":"https:\/\/libreriahistoriasdebolsillo.com\/index.php\/wp-json\/wp\/v2\/product_tag?post=4117"}],"curies":[{"name":"wp","href":"https:\/\/api.w.org\/{rel}","templated":true}]}}