{"id":4119,"date":"2024-04-09T14:54:57","date_gmt":"2024-04-09T20:54:57","guid":{"rendered":"https:\/\/libreriahistoriasdebolsillo.com\/?post_type=product&#038;p=4119"},"modified":"2025-02-08T18:29:01","modified_gmt":"2025-02-09T00:29:01","slug":"las-doncellas","status":"publish","type":"product","link":"https:\/\/libreriahistoriasdebolsillo.com\/index.php\/producto\/las-doncellas\/","title":{"rendered":"Las doncellas"},"content":{"rendered":"<p><b>A sus treinta y seis a\u00f1os, Mariana intenta recuperarse de la p\u00e9rdida de<\/b>\u00a0<b>Sebastian, el gran amor de su vida, ahogado durante unas vacaciones en una isla griega.<\/b><\/p>\n<p>Ella trabaja en Londres como\u00a0<b>terapeuta,<\/b>\u00a0pero cuando su sobrina Zoe, la \u00fanica familia que le queda, la llama desde\u00a0<b>Cambridge<\/b>\u00a0para contarle que Tara, su mejor amiga, ha sido brutalmente asesinada cerca de laresidencia de estudiantes, decide acudir en su ayuda. All\u00ed conoce a Fosca, un carism\u00e1tico profesor de\u00a0<b>Filolog\u00eda Cl\u00e1sica.<\/b><\/p>\n<p>El profesor mantiene un grupo de estudio con un n\u00famero muy selecto de disc\u00edpulas, todas hermosas y de familias elitistas, del que Tara formaba parte:\u00a0<b>las Doncellas.<\/b>\u00a0En el dormitorio de la joven, Mariana encuentra una postal con unos versos en griego cl\u00e1sico que exigen un sacrificio. Pronto los cad\u00e1veres de otras Doncellas ir\u00e1n apareciendo en el campus con los ojos arrancados y con unapi\u00f1a en la mano, y Mariana no solo deber\u00e1 enfrentarse a la resoluci\u00f3n de estos cr\u00edmenes, sino a los fantasmas de su propio pasado.<\/p>\n","protected":false},"excerpt":{"rendered":"<p>Alex Michaelides<\/p>\n","protected":false},"featured_media":4120,"template":"","meta":{"_joinchat":[]},"product_brand":[],"product_cat":[37],"product_tag":[34],"class_list":{"0":"post-4119","1":"product","2":"type-product","3":"status-publish","4":"has-post-thumbnail","6":"product_cat-misterio-y-thriller","7":"product_tag-penguin-random-house","9":"first","10":"outofstock","11":"shipping-taxable","12":"purchasable","13":"product-type-simple"},"_links":{"self":[{"href":"https:\/\/libreriahistoriasdebolsillo.com\/index.php\/wp-json\/wp\/v2\/product\/4119","targetHints":{"allow":["GET"]}}],"collection":[{"href":"https:\/\/libreriahistoriasdebolsillo.com\/index.php\/wp-json\/wp\/v2\/product"}],"about":[{"href":"https:\/\/libreriahistoriasdebolsillo.com\/index.php\/wp-json\/wp\/v2\/types\/product"}],"wp:featuredmedia":[{"embeddable":true,"href":"https:\/\/libreriahistoriasdebolsillo.com\/index.php\/wp-json\/wp\/v2\/media\/4120"}],"wp:attachment":[{"href":"https:\/\/libreriahistoriasdebolsillo.com\/index.php\/wp-json\/wp\/v2\/media?parent=4119"}],"wp:term":[{"taxonomy":"product_brand","embeddable":true,"href":"https:\/\/libreriahistoriasdebolsillo.com\/index.php\/wp-json\/wp\/v2\/product_brand?post=4119"},{"taxonomy":"product_cat","embeddable":true,"href":"https:\/\/libreriahistoriasdebolsillo.com\/index.php\/wp-json\/wp\/v2\/product_cat?post=4119"},{"taxonomy":"product_tag","embeddable":true,"href":"https:\/\/libreriahistoriasdebolsillo.com\/index.php\/wp-json\/wp\/v2\/product_tag?post=4119"}],"curies":[{"name":"wp","href":"https:\/\/api.w.org\/{rel}","templated":true}]}}