{"id":4138,"date":"2024-04-09T17:25:42","date_gmt":"2024-04-09T23:25:42","guid":{"rendered":"https:\/\/libreriahistoriasdebolsillo.com\/?post_type=product&#038;p=4138"},"modified":"2025-11-26T18:19:01","modified_gmt":"2025-11-27T00:19:01","slug":"los-pajaros-que-habitan-mi-corazon-y-otros-cuentos","status":"publish","type":"product","link":"https:\/\/libreriahistoriasdebolsillo.com\/index.php\/producto\/los-pajaros-que-habitan-mi-corazon-y-otros-cuentos\/","title":{"rendered":"Los p\u00e1jaros que habitan mi coraz\u00f3n y otros cuentos"},"content":{"rendered":"<p><b>Prep\u00e1rate para emprender de nuevo el vuelo de la mano<\/b>\u00a0<b>de Sue Zurita. La autora de El viaje de los colibr\u00edes<\/b>\u00a0<b>y Aquellos d\u00edas nos abre su coraz\u00f3n con estas historias<\/b>\u00a0<b>que parecen escritas especialmente para ti.<\/b><\/p>\n<p>En este volumen se recopilan los mejores\u00a0<b>relatos<\/b>\u00a0de Sue Zurita, extra\u00eddos de las ediciones\u00a0<b>independientes<\/b>\u00a0de Los p\u00e1jaros que habitan mi coraz\u00f3n y Buenas noches, desolaci\u00f3n, junto con algunos\u00a0<b>cuentos<\/b>\u00a0que nunca hab\u00edan visto la luz y que la autora pone por fin a disposici\u00f3n de sus lectores. Algunos de ellos te proporcionar\u00e1n respuestas a\u00a0<b>dudas<\/b>\u00a0que te persiguen, otros supondr\u00e1n un\u00a0<b>abrazo<\/b>\u00a0al alma, y en algunos casos encontrar\u00e1s la fuerza para superar los obst\u00e1culos propios de la vida y del d\u00eda a d\u00eda. Las historias de Sahara, Luis, Julieta, Marcela, Darisnel\u2026 nos hablan de\u00a0<b>amores<\/b>\u00a0y desamores, de la p\u00e9rdida de un ser querido y de la fortaleza de uno mismo para superar las\u00a0<b>adversidades<\/b>. Gracias a ellas descubriremos que en la vida nos suceder\u00e1n cosas incre\u00edbles, divertidas y fant\u00e1sticas\u2026 y tambi\u00e9n otras aburridas, menos gratas o dolorosas,pero que al fin y al cabo todas son experiencias que nos ense\u00f1ar\u00e1n a seguir adelante y gozar de la vida con todo su esplendor.<\/p>\n<p>Aunque hoy no lo creas posible, al cabo de un tiempo encuentras las respuestas a tantos porqu\u00e9s\u2026<\/p>\n","protected":false},"excerpt":{"rendered":"<p>Sue Zurita<\/p>\n","protected":false},"featured_media":4139,"template":"","meta":{"_joinchat":[]},"product_brand":[],"product_cat":[33],"product_tag":[34],"class_list":{"0":"post-4138","1":"product","2":"type-product","3":"status-publish","4":"has-post-thumbnail","6":"product_cat-ficcion-general","7":"product_tag-penguin-random-house","9":"first","10":"outofstock","11":"shipping-taxable","12":"purchasable","13":"product-type-simple"},"_links":{"self":[{"href":"https:\/\/libreriahistoriasdebolsillo.com\/index.php\/wp-json\/wp\/v2\/product\/4138","targetHints":{"allow":["GET"]}}],"collection":[{"href":"https:\/\/libreriahistoriasdebolsillo.com\/index.php\/wp-json\/wp\/v2\/product"}],"about":[{"href":"https:\/\/libreriahistoriasdebolsillo.com\/index.php\/wp-json\/wp\/v2\/types\/product"}],"wp:featuredmedia":[{"embeddable":true,"href":"https:\/\/libreriahistoriasdebolsillo.com\/index.php\/wp-json\/wp\/v2\/media\/4139"}],"wp:attachment":[{"href":"https:\/\/libreriahistoriasdebolsillo.com\/index.php\/wp-json\/wp\/v2\/media?parent=4138"}],"wp:term":[{"taxonomy":"product_brand","embeddable":true,"href":"https:\/\/libreriahistoriasdebolsillo.com\/index.php\/wp-json\/wp\/v2\/product_brand?post=4138"},{"taxonomy":"product_cat","embeddable":true,"href":"https:\/\/libreriahistoriasdebolsillo.com\/index.php\/wp-json\/wp\/v2\/product_cat?post=4138"},{"taxonomy":"product_tag","embeddable":true,"href":"https:\/\/libreriahistoriasdebolsillo.com\/index.php\/wp-json\/wp\/v2\/product_tag?post=4138"}],"curies":[{"name":"wp","href":"https:\/\/api.w.org\/{rel}","templated":true}]}}