{"id":4170,"date":"2024-04-13T14:57:37","date_gmt":"2024-04-13T20:57:37","guid":{"rendered":"https:\/\/libreriahistoriasdebolsillo.com\/?post_type=product&#038;p=4170"},"modified":"2024-06-11T16:21:45","modified_gmt":"2024-06-11T22:21:45","slug":"diario-de-greg-2-la-ley-de-rodrick","status":"publish","type":"product","link":"https:\/\/libreriahistoriasdebolsillo.com\/index.php\/producto\/diario-de-greg-2-la-ley-de-rodrick\/","title":{"rendered":"Diario de Greg 2. La ley de Rodrick"},"content":{"rendered":"<p><b>\u00a1LOS LECTORES ADORAN A GREG!<\/b><\/p>\n<p><b>El bestseller internacional que provoca carcajadas en el mundo entero.<\/b><\/p>\n<p>Mejor no preguntarle a\u00a0<b>Greg Heffley<\/b>\u00a0qu\u00e9 tal la pas\u00f3 durante las\u00a0<b>vacaciones de verano<\/b>, porque no quiere ni o\u00edr hablar del asunto. De hecho, al\u00a0<b>empezar el nuevo curso<\/b>\u00a0Greg est\u00e1 deseando olvidar los \u00faltimos tres meses de su vida, en particular ciertoacontecimiento\u2026 Por desgracia para \u00e9l, su hermano mayor, Rodrick, lo sabe todo sobre ese incidente que \u00e9l querr\u00eda enterrar para siempre. Y es que todos los secretos acaban saliendo a la luz\u2026 sobre todo cuando hay un diario de por medio\u2026<\/p>\n","protected":false},"excerpt":{"rendered":"<p>Jeff Kinney<\/p>\n","protected":false},"featured_media":4171,"template":"","meta":{"_joinchat":[]},"product_brand":[],"product_cat":[54,52],"product_tag":[34],"class_list":{"0":"post-4170","1":"product","2":"type-product","3":"status-publish","4":"has-post-thumbnail","6":"product_cat-infantil","7":"product_cat-juvenil","8":"product_tag-penguin-random-house","10":"first","11":"outofstock","12":"shipping-taxable","13":"purchasable","14":"product-type-simple"},"_links":{"self":[{"href":"https:\/\/libreriahistoriasdebolsillo.com\/index.php\/wp-json\/wp\/v2\/product\/4170","targetHints":{"allow":["GET"]}}],"collection":[{"href":"https:\/\/libreriahistoriasdebolsillo.com\/index.php\/wp-json\/wp\/v2\/product"}],"about":[{"href":"https:\/\/libreriahistoriasdebolsillo.com\/index.php\/wp-json\/wp\/v2\/types\/product"}],"wp:featuredmedia":[{"embeddable":true,"href":"https:\/\/libreriahistoriasdebolsillo.com\/index.php\/wp-json\/wp\/v2\/media\/4171"}],"wp:attachment":[{"href":"https:\/\/libreriahistoriasdebolsillo.com\/index.php\/wp-json\/wp\/v2\/media?parent=4170"}],"wp:term":[{"taxonomy":"product_brand","embeddable":true,"href":"https:\/\/libreriahistoriasdebolsillo.com\/index.php\/wp-json\/wp\/v2\/product_brand?post=4170"},{"taxonomy":"product_cat","embeddable":true,"href":"https:\/\/libreriahistoriasdebolsillo.com\/index.php\/wp-json\/wp\/v2\/product_cat?post=4170"},{"taxonomy":"product_tag","embeddable":true,"href":"https:\/\/libreriahistoriasdebolsillo.com\/index.php\/wp-json\/wp\/v2\/product_tag?post=4170"}],"curies":[{"name":"wp","href":"https:\/\/api.w.org\/{rel}","templated":true}]}}