{"id":4172,"date":"2024-04-15T15:25:32","date_gmt":"2024-04-15T21:25:32","guid":{"rendered":"https:\/\/libreriahistoriasdebolsillo.com\/?post_type=product&#038;p=4172"},"modified":"2024-09-13T14:31:26","modified_gmt":"2024-09-13T20:31:26","slug":"trono-de-cristal-0-la-espada-de-la-asesina","status":"publish","type":"product","link":"https:\/\/libreriahistoriasdebolsillo.com\/index.php\/producto\/trono-de-cristal-0-la-espada-de-la-asesina\/","title":{"rendered":"Trono de cristal 0. La espada de la asesina"},"content":{"rendered":"<p><b>Descubre c\u00f3mo empez\u00f3<\/b>\u00a0<b>la emocionante historia de<\/b>\u00a0<b>Celaena<\/b>\u00a0<b>Sardothien.<\/b><\/p>\n<p>Celaena Sardothien es la asesina m\u00e1s temida de Adarlan, y aunque est\u00e1 bajo el mando del poderoso y despiadado\u00a0<b>gremio de los asesinos,<\/b>\u00a0no cede ante nadie y conf\u00eda solamente en Sam, otro asesino a sueldo.<\/p>\n<p>Cuando el maestro de Celaena,\u00a0<b>Arobynn<\/b><b>\u00a0Hamel<\/b>, la env\u00eda a misteriosas misiones en islas remotas y desiertos hostiles, Celaenase sorprende a s\u00ed misma ignorando sus \u00f3rdenes y cuestion\u00e1ndose su alianza con \u00e9l. En sus traves\u00edas har\u00e1 tanto amigos como enemigos y descubrir\u00e1 que siente por Sam algo m\u00e1s que una amistad. Al desafiar las \u00f3rdenes de Arobynn, Celaena se arriesgar\u00e1 a castigos inimaginables, poniendo a Sam tambi\u00e9n en peligro: tendr\u00e1n que jug\u00e1rselo todo si desean escapar de las garras de Arobynn\u2026 y si fracasan, perder\u00e1n no solo su libertad, sino tambi\u00e9n sus vidas.<\/p>\n<p>En esta precuela de la saga trono de cristal se incluyen cinco relatos que ofrecen una mirada m\u00e1s profunda a la historia de esta astuta asesina y su excitante y peligroso mundo.<\/p>\n","protected":false},"excerpt":{"rendered":"<p>Sarah J. Maas<\/p>\n","protected":false},"featured_media":4173,"template":"","meta":{"_joinchat":[]},"product_brand":[],"product_cat":[39,76],"product_tag":[34],"class_list":{"0":"post-4172","1":"product","2":"type-product","3":"status-publish","4":"has-post-thumbnail","6":"product_cat-fantasia","7":"product_cat-romantasy","8":"product_tag-penguin-random-house","10":"first","11":"outofstock","12":"shipping-taxable","13":"purchasable","14":"product-type-simple"},"_links":{"self":[{"href":"https:\/\/libreriahistoriasdebolsillo.com\/index.php\/wp-json\/wp\/v2\/product\/4172","targetHints":{"allow":["GET"]}}],"collection":[{"href":"https:\/\/libreriahistoriasdebolsillo.com\/index.php\/wp-json\/wp\/v2\/product"}],"about":[{"href":"https:\/\/libreriahistoriasdebolsillo.com\/index.php\/wp-json\/wp\/v2\/types\/product"}],"wp:featuredmedia":[{"embeddable":true,"href":"https:\/\/libreriahistoriasdebolsillo.com\/index.php\/wp-json\/wp\/v2\/media\/4173"}],"wp:attachment":[{"href":"https:\/\/libreriahistoriasdebolsillo.com\/index.php\/wp-json\/wp\/v2\/media?parent=4172"}],"wp:term":[{"taxonomy":"product_brand","embeddable":true,"href":"https:\/\/libreriahistoriasdebolsillo.com\/index.php\/wp-json\/wp\/v2\/product_brand?post=4172"},{"taxonomy":"product_cat","embeddable":true,"href":"https:\/\/libreriahistoriasdebolsillo.com\/index.php\/wp-json\/wp\/v2\/product_cat?post=4172"},{"taxonomy":"product_tag","embeddable":true,"href":"https:\/\/libreriahistoriasdebolsillo.com\/index.php\/wp-json\/wp\/v2\/product_tag?post=4172"}],"curies":[{"name":"wp","href":"https:\/\/api.w.org\/{rel}","templated":true}]}}