{"id":4177,"date":"2024-04-19T12:51:04","date_gmt":"2024-04-19T18:51:04","guid":{"rendered":"https:\/\/libreriahistoriasdebolsillo.com\/?post_type=product&#038;p=4177"},"modified":"2025-03-10T10:19:34","modified_gmt":"2025-03-10T16:19:34","slug":"fabricante-de-lagrimas","status":"publish","type":"product","link":"https:\/\/libreriahistoriasdebolsillo.com\/index.php\/producto\/fabricante-de-lagrimas\/","title":{"rendered":"Fabricante de l\u00e1grimas"},"content":{"rendered":"<p><b>EL LIBRO EN EL QUE SE BASA LA PEL\u00cdCULA DE NETFLIX<\/b><br \/>\n<b>El fen\u00f3meno literario m\u00e1s viral de los \u00faltimos a\u00f1os:\u00a0<i>Fabricante de l\u00e1grimas<\/i>.<\/b><\/p>\n<p>En el orfanato en el que Nica creci\u00f3, siempre se han contado historias y leyendas a la luz de la vela. La m\u00e1s famosa de todas es la del fabricante de l\u00e1grimas, un misterioso artesano culpable de haber forjado todos los miedos y las angustias que habitan en los corazones del ser humano.<\/p>\n<p>Para Nica ya es hora de dejar atr\u00e1s los cuentos de la infancia y vivir lo que para ella es un sue\u00f1o hecho realidad: ser adoptada. Pero no cumplir\u00e1 su sue\u00f1o sola ya que la familia adoptiva acoger\u00e1 tambi\u00e9n a Rigel, un ni\u00f1o de rostro angelical pero que oculta algo oscuro en su ser.<\/p>\n<p>Aunque ambos compartan un pasado en com\u00fan, la convivencia entre ellos parece imposible. Sobre todo, cuando la leyenda vuelve a aparecer en sus vidas y el fabricante de l\u00e1grimas se convierte en algo muy real.<\/p>\n","protected":false},"excerpt":{"rendered":"<p>Erin Doom<\/p>\n","protected":false},"featured_media":4178,"template":"","meta":{"_joinchat":[]},"product_brand":[],"product_cat":[52],"product_tag":[34],"class_list":{"0":"post-4177","1":"product","2":"type-product","3":"status-publish","4":"has-post-thumbnail","6":"product_cat-juvenil","7":"product_tag-penguin-random-house","9":"first","10":"outofstock","11":"shipping-taxable","12":"purchasable","13":"product-type-simple"},"_links":{"self":[{"href":"https:\/\/libreriahistoriasdebolsillo.com\/index.php\/wp-json\/wp\/v2\/product\/4177","targetHints":{"allow":["GET"]}}],"collection":[{"href":"https:\/\/libreriahistoriasdebolsillo.com\/index.php\/wp-json\/wp\/v2\/product"}],"about":[{"href":"https:\/\/libreriahistoriasdebolsillo.com\/index.php\/wp-json\/wp\/v2\/types\/product"}],"wp:featuredmedia":[{"embeddable":true,"href":"https:\/\/libreriahistoriasdebolsillo.com\/index.php\/wp-json\/wp\/v2\/media\/4178"}],"wp:attachment":[{"href":"https:\/\/libreriahistoriasdebolsillo.com\/index.php\/wp-json\/wp\/v2\/media?parent=4177"}],"wp:term":[{"taxonomy":"product_brand","embeddable":true,"href":"https:\/\/libreriahistoriasdebolsillo.com\/index.php\/wp-json\/wp\/v2\/product_brand?post=4177"},{"taxonomy":"product_cat","embeddable":true,"href":"https:\/\/libreriahistoriasdebolsillo.com\/index.php\/wp-json\/wp\/v2\/product_cat?post=4177"},{"taxonomy":"product_tag","embeddable":true,"href":"https:\/\/libreriahistoriasdebolsillo.com\/index.php\/wp-json\/wp\/v2\/product_tag?post=4177"}],"curies":[{"name":"wp","href":"https:\/\/api.w.org\/{rel}","templated":true}]}}