{"id":4184,"date":"2024-04-23T10:25:12","date_gmt":"2024-04-23T16:25:12","guid":{"rendered":"https:\/\/libreriahistoriasdebolsillo.com\/?post_type=product&#038;p=4184"},"modified":"2026-02-10T16:12:48","modified_gmt":"2026-02-10T22:12:48","slug":"nunca-jamas-2-scarred","status":"publish","type":"product","link":"https:\/\/libreriahistoriasdebolsillo.com\/index.php\/producto\/nunca-jamas-2-scarred\/","title":{"rendered":"Nunca jam\u00e1s 2. Scarred"},"content":{"rendered":"<p><b>Despu\u00e9s de<\/b>\u00a0<i><b>Hooked<\/b><\/i><b>, llega<\/b>\u00a0<i><b>Scarred<\/b><\/i><b>: la esperad\u00edsima secuela de la saga\u00a0<\/b><b>Nunca Jam\u00e1s<\/b><b>\u00a0que ha conquistado a<\/b>\u00a0<b>TikTok<\/b><b>, donde los villanos de cuento hallan su final feliz.<\/b><\/p>\n<p><b>Una mujer dividida entre dos hermanos y un trono: \u00bfelegir\u00e1 la venganza o al hombre del que nunca debi\u00f3 enamorarse?<\/b><\/p>\n<p>Ella no le pertenece a \u00e9l. Pertenece a la corona.<\/p>\n<p>El trono nunca fue el destino de Tristan Faasa. Eso quedaba para su hermano, Michael, el mismo que fue responsable de la infancia atormentada de Tristan y de la cicatriz que le cruza la cara. Tras la muerte de su padre, Michael est\u00e1 decidido a subir al trono, y Tristan, a rob\u00e1rselo: como l\u00edder de una rebeli\u00f3n secreta, no se detendr\u00e1 ante nada con tal de poner fin al reinado de su hermano. Pero la llegada de Lady Sara Beatreaux, la prometida de Michael, hace estallar otro tipo de guerra,una en la que Tristan ya no sabr\u00e1 qu\u00e9 le importa m\u00e1s, si la corona o la mujer que est\u00e1 a punto de ce\u00f1irse las sienes con ella.<\/p>\n<p>Sara tiene un plan: casarse con el rey y acabar con la dinast\u00eda Faasa, aunque eso ponga en peligro su propia vida. Pero no contaba con el Pr\u00edncipe Marcado. Es peligroso. Est\u00e1 fuera de su alcance. Es uno de los hombres a los que tiene que matar. Pero la frontera entre el odio y la pasi\u00f3n nunca ha sido tan delgada y, cuandolos secretos salen a la luz, Sara ya no sabe en qui\u00e9n confiar, desgarrada entre la venganza y el villano al que no deber\u00eda amar.<\/p>\n","protected":false},"excerpt":{"rendered":"<p>Emily Mcintire<\/p>\n","protected":false},"featured_media":4185,"template":"","meta":{"_joinchat":[]},"product_brand":[],"product_cat":[63],"product_tag":[34],"class_list":{"0":"post-4184","1":"product","2":"type-product","3":"status-publish","4":"has-post-thumbnail","6":"product_cat-dark-romance","7":"product_tag-penguin-random-house","9":"first","10":"outofstock","11":"shipping-taxable","12":"purchasable","13":"product-type-simple"},"_links":{"self":[{"href":"https:\/\/libreriahistoriasdebolsillo.com\/index.php\/wp-json\/wp\/v2\/product\/4184","targetHints":{"allow":["GET"]}}],"collection":[{"href":"https:\/\/libreriahistoriasdebolsillo.com\/index.php\/wp-json\/wp\/v2\/product"}],"about":[{"href":"https:\/\/libreriahistoriasdebolsillo.com\/index.php\/wp-json\/wp\/v2\/types\/product"}],"wp:featuredmedia":[{"embeddable":true,"href":"https:\/\/libreriahistoriasdebolsillo.com\/index.php\/wp-json\/wp\/v2\/media\/4185"}],"wp:attachment":[{"href":"https:\/\/libreriahistoriasdebolsillo.com\/index.php\/wp-json\/wp\/v2\/media?parent=4184"}],"wp:term":[{"taxonomy":"product_brand","embeddable":true,"href":"https:\/\/libreriahistoriasdebolsillo.com\/index.php\/wp-json\/wp\/v2\/product_brand?post=4184"},{"taxonomy":"product_cat","embeddable":true,"href":"https:\/\/libreriahistoriasdebolsillo.com\/index.php\/wp-json\/wp\/v2\/product_cat?post=4184"},{"taxonomy":"product_tag","embeddable":true,"href":"https:\/\/libreriahistoriasdebolsillo.com\/index.php\/wp-json\/wp\/v2\/product_tag?post=4184"}],"curies":[{"name":"wp","href":"https:\/\/api.w.org\/{rel}","templated":true}]}}