{"id":4188,"date":"2024-04-23T10:30:54","date_gmt":"2024-04-23T16:30:54","guid":{"rendered":"https:\/\/libreriahistoriasdebolsillo.com\/?post_type=product&#038;p=4188"},"modified":"2026-01-19T14:01:49","modified_gmt":"2026-01-19T20:01:49","slug":"por-amor-a-mi","status":"publish","type":"product","link":"https:\/\/libreriahistoriasdebolsillo.com\/index.php\/producto\/por-amor-a-mi\/","title":{"rendered":"Por amor a mi"},"content":{"rendered":"<p><b>\u00bfQu\u00e9 te han contado del amor propio?<\/b><\/p>\n<p>Abrazar nuestra individualidad y compartirla con otras personas es el resultado de decidir cada d\u00eda lo mejor para nosotros, incluso si no siempre es sencillo. Este libro te acompa\u00f1ar\u00e1 en un viaje de\u00a0<b>introspecci\u00f3n<\/b>\u00a0y te dar\u00e1 las herramientas para romper nociones falsas que has aceptado sobre el\u00a0<b>cari\u00f1o<\/b>, identificar tus necesidades para comunicarlas, y\u00a0<b>marcar l\u00edmites<\/b>\u00a0que mejoren nuestra relaci\u00f3n con la mente y con otras personas.<\/p>\n<p>Por amor a m\u00ed\u2026<\/p>\n<p>\u2026 reconozco mis emociones,<\/p>\n<p>\u2026 establezco l\u00edmites,<\/p>\n<p>\u2026 atiendo mi salud mental y f\u00edsica,<\/p>\n<p>\u2026 me elijo.<\/p>\n","protected":false},"excerpt":{"rendered":"<p>Alma Lozano<\/p>\n","protected":false},"featured_media":4189,"template":"","meta":{"_joinchat":[]},"product_brand":[],"product_cat":[58,41],"product_tag":[34],"class_list":{"0":"post-4188","1":"product","2":"type-product","3":"status-publish","4":"has-post-thumbnail","6":"product_cat-desarrollo-humano-y-superacion","7":"product_cat-desarrollo-humano","8":"product_tag-penguin-random-house","10":"first","11":"instock","12":"shipping-taxable","13":"purchasable","14":"product-type-simple"},"_links":{"self":[{"href":"https:\/\/libreriahistoriasdebolsillo.com\/index.php\/wp-json\/wp\/v2\/product\/4188","targetHints":{"allow":["GET"]}}],"collection":[{"href":"https:\/\/libreriahistoriasdebolsillo.com\/index.php\/wp-json\/wp\/v2\/product"}],"about":[{"href":"https:\/\/libreriahistoriasdebolsillo.com\/index.php\/wp-json\/wp\/v2\/types\/product"}],"wp:featuredmedia":[{"embeddable":true,"href":"https:\/\/libreriahistoriasdebolsillo.com\/index.php\/wp-json\/wp\/v2\/media\/4189"}],"wp:attachment":[{"href":"https:\/\/libreriahistoriasdebolsillo.com\/index.php\/wp-json\/wp\/v2\/media?parent=4188"}],"wp:term":[{"taxonomy":"product_brand","embeddable":true,"href":"https:\/\/libreriahistoriasdebolsillo.com\/index.php\/wp-json\/wp\/v2\/product_brand?post=4188"},{"taxonomy":"product_cat","embeddable":true,"href":"https:\/\/libreriahistoriasdebolsillo.com\/index.php\/wp-json\/wp\/v2\/product_cat?post=4188"},{"taxonomy":"product_tag","embeddable":true,"href":"https:\/\/libreriahistoriasdebolsillo.com\/index.php\/wp-json\/wp\/v2\/product_tag?post=4188"}],"curies":[{"name":"wp","href":"https:\/\/api.w.org\/{rel}","templated":true}]}}