{"id":4190,"date":"2024-04-23T10:33:32","date_gmt":"2024-04-23T16:33:32","guid":{"rendered":"https:\/\/libreriahistoriasdebolsillo.com\/?post_type=product&#038;p=4190"},"modified":"2024-09-13T14:31:33","modified_gmt":"2024-09-13T20:31:33","slug":"trono-de-cristal-3-heredera-de-fuego","status":"publish","type":"product","link":"https:\/\/libreriahistoriasdebolsillo.com\/index.php\/producto\/trono-de-cristal-3-heredera-de-fuego\/","title":{"rendered":"Trono de cristal 3. Heredera de fuego"},"content":{"rendered":"<p><b>Descubre la tercera parte de la trilog\u00eda Trono de Cristal, serie bestseller de\u00a0<i>The New York Times<\/i>.<\/b><\/p>\n<p><b>La asesina del rey enfrenta el desaf\u00edo de un destino a\u00fan m\u00e1s importante y arde con un resplandor m\u00e1s impresionante que nunca antes en\u00a0<i>Heredera de fuego<\/i>, continuaci\u00f3n del bestseller\u00a0<i>Corona de sangre<\/i>.<\/b><\/p>\n<p>Celaena Sardothien ha sobrevivido a mort\u00edferos combates y a la demoledora experiencia del desamor, pero a un costo indescriptible. Ahora debe viajar a una nueva tierra para enfrentar su m\u00e1s oscuro pasado, una verdad sobre su historia que podr\u00eda darle un vuelco a su vida, y a su futuro, para siempre.<\/p>\n<p>Mientras tanto, brutales y monstruosas fuerzas se van reuniendo en el horizonte e intentan esclavizar su mundo. Para derrotarlos, Celaena debe hallar la fortaleza no solo para combatir a sus propios demonios internos, sino para vencer al mal que est\u00e1 a punto de desencadenarse.<\/p>\n","protected":false},"excerpt":{"rendered":"<p>Sarah J. Maas<\/p>\n","protected":false},"featured_media":4191,"template":"","meta":{"_joinchat":[]},"product_brand":[],"product_cat":[39,76],"product_tag":[34],"class_list":{"0":"post-4190","1":"product","2":"type-product","3":"status-publish","4":"has-post-thumbnail","6":"product_cat-fantasia","7":"product_cat-romantasy","8":"product_tag-penguin-random-house","10":"first","11":"outofstock","12":"shipping-taxable","13":"purchasable","14":"product-type-simple"},"_links":{"self":[{"href":"https:\/\/libreriahistoriasdebolsillo.com\/index.php\/wp-json\/wp\/v2\/product\/4190","targetHints":{"allow":["GET"]}}],"collection":[{"href":"https:\/\/libreriahistoriasdebolsillo.com\/index.php\/wp-json\/wp\/v2\/product"}],"about":[{"href":"https:\/\/libreriahistoriasdebolsillo.com\/index.php\/wp-json\/wp\/v2\/types\/product"}],"wp:featuredmedia":[{"embeddable":true,"href":"https:\/\/libreriahistoriasdebolsillo.com\/index.php\/wp-json\/wp\/v2\/media\/4191"}],"wp:attachment":[{"href":"https:\/\/libreriahistoriasdebolsillo.com\/index.php\/wp-json\/wp\/v2\/media?parent=4190"}],"wp:term":[{"taxonomy":"product_brand","embeddable":true,"href":"https:\/\/libreriahistoriasdebolsillo.com\/index.php\/wp-json\/wp\/v2\/product_brand?post=4190"},{"taxonomy":"product_cat","embeddable":true,"href":"https:\/\/libreriahistoriasdebolsillo.com\/index.php\/wp-json\/wp\/v2\/product_cat?post=4190"},{"taxonomy":"product_tag","embeddable":true,"href":"https:\/\/libreriahistoriasdebolsillo.com\/index.php\/wp-json\/wp\/v2\/product_tag?post=4190"}],"curies":[{"name":"wp","href":"https:\/\/api.w.org\/{rel}","templated":true}]}}