{"id":4198,"date":"2024-04-23T10:40:56","date_gmt":"2024-04-23T16:40:56","guid":{"rendered":"https:\/\/libreriahistoriasdebolsillo.com\/?post_type=product&#038;p=4198"},"modified":"2026-03-23T17:05:12","modified_gmt":"2026-03-23T23:05:12","slug":"el-pequeno-estudio-de-los-recuerdos-perdidos","status":"publish","type":"product","link":"https:\/\/libreriahistoriasdebolsillo.com\/index.php\/producto\/el-pequeno-estudio-de-los-recuerdos-perdidos\/","title":{"rendered":"El peque\u00f1o estudio de los recuerdos perdidos"},"content":{"rendered":"<p><b>Una novela m\u00e1gica y conmovedora sobre el poder de la bondad, la memoria y las elecciones vitales.<\/b><\/p>\n<p><b>Un \u00e1lbum de fotos. Multitud de recuerdos.<\/b><br \/>\n<b>El \u00faltimo vistazo a una vida entera.<\/b><\/p>\n<p>Hirasaka regenta un estudio de fotograf\u00eda en el m\u00e1s all\u00e1. Antes de que sus \u00abinvitados\u00bb abandonen ese lugar de paso, \u00e9l les da una taza de t\u00e9 y una pila de fotos de su historia para que escojan una por cada a\u00f1o que han vivido antes de partir en su \u00faltimo viaje.<\/p>\n<p>Adem\u00e1s, tienen la oportunidad de viajar al pasado como fantasmas para capturar un momento especial. Hecho esto, Hirasaka coloca las im\u00e1genes en un proyector para que su invitado pueda contemplar una vez m\u00e1s sus recuerdos.<\/p>\n<p>As\u00ed conocemos a Hatsue, una anciana que en 1949 fund\u00f3 su propia guarder\u00eda entre las ruinas del Tokio de posguerra; a Waniguchi, un hombre que trabajaba en un taller tapadera de la yakuza; o a Mitsuru, una joven que sufri\u00f3 un tr\u00e1gico final y que hallar\u00e1 en el estudio de Hirasaka la clave para cambiar el rumbo de su existencia.<\/p>\n<p>Sin embargo, mientras lleva a cabo su trabajo, Hirasaka se ve asediado para una pregunta cuya respuesta se le escapa: \u00bfd\u00f3nde est\u00e1n sus propios recuerdos?<\/p>\n","protected":false},"excerpt":{"rendered":"<p>Sanaka Hiiragi<\/p>\n","protected":false},"featured_media":4199,"template":"","meta":{"_joinchat":[]},"product_brand":[],"product_cat":[33],"product_tag":[34],"class_list":{"0":"post-4198","1":"product","2":"type-product","3":"status-publish","4":"has-post-thumbnail","6":"product_cat-ficcion-general","7":"product_tag-penguin-random-house","9":"first","10":"outofstock","11":"shipping-taxable","12":"purchasable","13":"product-type-simple"},"_links":{"self":[{"href":"https:\/\/libreriahistoriasdebolsillo.com\/index.php\/wp-json\/wp\/v2\/product\/4198","targetHints":{"allow":["GET"]}}],"collection":[{"href":"https:\/\/libreriahistoriasdebolsillo.com\/index.php\/wp-json\/wp\/v2\/product"}],"about":[{"href":"https:\/\/libreriahistoriasdebolsillo.com\/index.php\/wp-json\/wp\/v2\/types\/product"}],"wp:featuredmedia":[{"embeddable":true,"href":"https:\/\/libreriahistoriasdebolsillo.com\/index.php\/wp-json\/wp\/v2\/media\/4199"}],"wp:attachment":[{"href":"https:\/\/libreriahistoriasdebolsillo.com\/index.php\/wp-json\/wp\/v2\/media?parent=4198"}],"wp:term":[{"taxonomy":"product_brand","embeddable":true,"href":"https:\/\/libreriahistoriasdebolsillo.com\/index.php\/wp-json\/wp\/v2\/product_brand?post=4198"},{"taxonomy":"product_cat","embeddable":true,"href":"https:\/\/libreriahistoriasdebolsillo.com\/index.php\/wp-json\/wp\/v2\/product_cat?post=4198"},{"taxonomy":"product_tag","embeddable":true,"href":"https:\/\/libreriahistoriasdebolsillo.com\/index.php\/wp-json\/wp\/v2\/product_tag?post=4198"}],"curies":[{"name":"wp","href":"https:\/\/api.w.org\/{rel}","templated":true}]}}