{"id":4205,"date":"2024-04-26T10:23:34","date_gmt":"2024-04-26T16:23:34","guid":{"rendered":"https:\/\/libreriahistoriasdebolsillo.com\/?post_type=product&#038;p=4205"},"modified":"2024-07-01T12:17:05","modified_gmt":"2024-07-01T18:17:05","slug":"toda-la-vida","status":"publish","type":"product","link":"https:\/\/libreriahistoriasdebolsillo.com\/index.php\/producto\/toda-la-vida\/","title":{"rendered":"Toda la vida"},"content":{"rendered":"<p><b>Despu\u00e9s del \u00e9xito de\u00a0<\/b><i><b>Adi\u00f3s a los padres<\/b><\/i><b>, la celebrada novela autobiogr\u00e1fica de H\u00e9ctor Aguilar Cam\u00edn, Toda la vida marca su regreso a la ficci\u00f3n en estado puro donde las palabras trabajan al servicio de una perturbadora historia de amor, celos y poder que no dejar\u00e1 indiferente a ning\u00fan lector.<\/b><\/p>\n<p>Serrano, Felo, Pato y Liliana entra\u00f1an una red de silencios, traiciones y obsesiones cruzadas por los a\u00f1os que la muerte de un conocido desatar\u00e1 de nueva cuenta. F\u00e1bula sin moraleja sobre los abismos del amor fatal, la ambici\u00f3n y el delirio, Toda la vida es tambi\u00e9n un recorrido nost\u00e1lgico por los territorios perdidos de la vida bohemia de la ciudad de M\u00e9xico, una indagaci\u00f3n literaria sobre c\u00f3mo se escriben las novelas y un recordatorio de la podrida relaci\u00f3n entre la polic\u00eda y la pol\u00edtica en el M\u00e9xico del viejo r\u00e9gimen.<\/p>\n","protected":false},"excerpt":{"rendered":"<p>Hector Aguilar Camin<\/p>\n","protected":false},"featured_media":4206,"template":"","meta":{"_joinchat":[]},"product_brand":[],"product_cat":[78,51],"product_tag":[34],"class_list":{"0":"post-4205","1":"product","2":"type-product","3":"status-publish","4":"has-post-thumbnail","6":"product_cat-contemporanea","7":"product_cat-oferta","8":"product_tag-penguin-random-house","10":"first","11":"outofstock","12":"shipping-taxable","13":"purchasable","14":"product-type-simple"},"_links":{"self":[{"href":"https:\/\/libreriahistoriasdebolsillo.com\/index.php\/wp-json\/wp\/v2\/product\/4205","targetHints":{"allow":["GET"]}}],"collection":[{"href":"https:\/\/libreriahistoriasdebolsillo.com\/index.php\/wp-json\/wp\/v2\/product"}],"about":[{"href":"https:\/\/libreriahistoriasdebolsillo.com\/index.php\/wp-json\/wp\/v2\/types\/product"}],"wp:featuredmedia":[{"embeddable":true,"href":"https:\/\/libreriahistoriasdebolsillo.com\/index.php\/wp-json\/wp\/v2\/media\/4206"}],"wp:attachment":[{"href":"https:\/\/libreriahistoriasdebolsillo.com\/index.php\/wp-json\/wp\/v2\/media?parent=4205"}],"wp:term":[{"taxonomy":"product_brand","embeddable":true,"href":"https:\/\/libreriahistoriasdebolsillo.com\/index.php\/wp-json\/wp\/v2\/product_brand?post=4205"},{"taxonomy":"product_cat","embeddable":true,"href":"https:\/\/libreriahistoriasdebolsillo.com\/index.php\/wp-json\/wp\/v2\/product_cat?post=4205"},{"taxonomy":"product_tag","embeddable":true,"href":"https:\/\/libreriahistoriasdebolsillo.com\/index.php\/wp-json\/wp\/v2\/product_tag?post=4205"}],"curies":[{"name":"wp","href":"https:\/\/api.w.org\/{rel}","templated":true}]}}