{"id":4207,"date":"2024-04-26T10:25:25","date_gmt":"2024-04-26T16:25:25","guid":{"rendered":"https:\/\/libreriahistoriasdebolsillo.com\/?post_type=product&#038;p=4207"},"modified":"2024-07-01T12:17:01","modified_gmt":"2024-07-01T18:17:01","slug":"un-soplo-en-el-rio","status":"publish","type":"product","link":"https:\/\/libreriahistoriasdebolsillo.com\/index.php\/producto\/un-soplo-en-el-rio\/","title":{"rendered":"Un soplo en el r\u00edo"},"content":{"rendered":"<p>Un soplo en el r\u00edo es\u00a0<b>la historia de un amor truncado<\/b>\u00a0y, a un tiempo, la par\u00e1bola de una generaci\u00f3n cuya b\u00fasqueda de un mundo justo dej\u00f3 un amargo sabor a\u00a0<b>heridas<\/b>\u00a0y\u00a0<b>fracasos<\/b>.La cuenta de forma repentina uno de sus protagonistas, Antonio Salcido, a su atento amigo Salmer\u00f3n durante un\u00a0<b>viaje en coche<\/b>, con los volcanes nevados como testigos. Salcido se sumerge en su memoria y relata la p\u00e9rdida de Rayda<b>, el amor de su vida<\/b>, en las opciones violentas de la\u00a0<b>utop\u00eda revolucionaria<\/b>\u00a0y el\u00a0<b>redentorismo religioso<\/b>\u00a0que marcaron a su generaci\u00f3n.Cuenta la historia sin entenderla cabalmente, sin sospechar que su\u00a0<b>sentido tr\u00e1gico<\/b>\u00a0no ha terminado de cumplirse, pues falta que se consume en \u00e9l.<\/p>\n","protected":false},"excerpt":{"rendered":"<p>Hector Aguilar Camin<\/p>\n","protected":false},"featured_media":4208,"template":"","meta":{"_joinchat":[]},"product_brand":[],"product_cat":[78,51],"product_tag":[34],"class_list":{"0":"post-4207","1":"product","2":"type-product","3":"status-publish","4":"has-post-thumbnail","6":"product_cat-contemporanea","7":"product_cat-oferta","8":"product_tag-penguin-random-house","10":"first","11":"outofstock","12":"shipping-taxable","13":"purchasable","14":"product-type-simple"},"_links":{"self":[{"href":"https:\/\/libreriahistoriasdebolsillo.com\/index.php\/wp-json\/wp\/v2\/product\/4207","targetHints":{"allow":["GET"]}}],"collection":[{"href":"https:\/\/libreriahistoriasdebolsillo.com\/index.php\/wp-json\/wp\/v2\/product"}],"about":[{"href":"https:\/\/libreriahistoriasdebolsillo.com\/index.php\/wp-json\/wp\/v2\/types\/product"}],"wp:featuredmedia":[{"embeddable":true,"href":"https:\/\/libreriahistoriasdebolsillo.com\/index.php\/wp-json\/wp\/v2\/media\/4208"}],"wp:attachment":[{"href":"https:\/\/libreriahistoriasdebolsillo.com\/index.php\/wp-json\/wp\/v2\/media?parent=4207"}],"wp:term":[{"taxonomy":"product_brand","embeddable":true,"href":"https:\/\/libreriahistoriasdebolsillo.com\/index.php\/wp-json\/wp\/v2\/product_brand?post=4207"},{"taxonomy":"product_cat","embeddable":true,"href":"https:\/\/libreriahistoriasdebolsillo.com\/index.php\/wp-json\/wp\/v2\/product_cat?post=4207"},{"taxonomy":"product_tag","embeddable":true,"href":"https:\/\/libreriahistoriasdebolsillo.com\/index.php\/wp-json\/wp\/v2\/product_tag?post=4207"}],"curies":[{"name":"wp","href":"https:\/\/api.w.org\/{rel}","templated":true}]}}