{"id":4209,"date":"2024-04-26T10:27:49","date_gmt":"2024-04-26T16:27:49","guid":{"rendered":"https:\/\/libreriahistoriasdebolsillo.com\/?post_type=product&#038;p=4209"},"modified":"2024-07-01T12:16:57","modified_gmt":"2024-07-01T18:16:57","slug":"morir-en-el-golfo","status":"publish","type":"product","link":"https:\/\/libreriahistoriasdebolsillo.com\/index.php\/producto\/morir-en-el-golfo\/","title":{"rendered":"Morir en el golfo"},"content":{"rendered":"<p>Morir en el Golfo es la puesta en escena de un pleito mortal, un trazo n\u00edtido e inquietante del modo en que se da la lucha por algunos espacios de poder en el M\u00e9xico contempor\u00e1neo. De un lado, la hermosa y perversa Anabela Guillaumin y su marido, el desorbitado pol\u00edtico Francisco Rojano. Del otro, un cacique sindical petrolero, L\u00e1zaro Pizarro, encarnaci\u00f3n del mundo corporativo y autoritario mexicano. En medio, el narrador de la historia, un columnista influyente, arrastrado al conflicto por su amistad con Anabella y Rojano. Frente a ellos, testigo y \u00e1rbitro, el personaje sin nombre, jefe de la polic\u00eda pol\u00edtica del pa\u00eds, administrador de las sombras y los secretos del Estado.<\/p>\n","protected":false},"excerpt":{"rendered":"<p>H\u00e9ctor Aguilar Cam\u00edn<\/p>\n","protected":false},"featured_media":4210,"template":"","meta":{"_joinchat":[]},"product_brand":[],"product_cat":[78],"product_tag":[34],"class_list":{"0":"post-4209","1":"product","2":"type-product","3":"status-publish","4":"has-post-thumbnail","6":"product_cat-contemporanea","7":"product_tag-penguin-random-house","9":"first","10":"outofstock","11":"shipping-taxable","12":"purchasable","13":"product-type-simple"},"_links":{"self":[{"href":"https:\/\/libreriahistoriasdebolsillo.com\/index.php\/wp-json\/wp\/v2\/product\/4209","targetHints":{"allow":["GET"]}}],"collection":[{"href":"https:\/\/libreriahistoriasdebolsillo.com\/index.php\/wp-json\/wp\/v2\/product"}],"about":[{"href":"https:\/\/libreriahistoriasdebolsillo.com\/index.php\/wp-json\/wp\/v2\/types\/product"}],"wp:featuredmedia":[{"embeddable":true,"href":"https:\/\/libreriahistoriasdebolsillo.com\/index.php\/wp-json\/wp\/v2\/media\/4210"}],"wp:attachment":[{"href":"https:\/\/libreriahistoriasdebolsillo.com\/index.php\/wp-json\/wp\/v2\/media?parent=4209"}],"wp:term":[{"taxonomy":"product_brand","embeddable":true,"href":"https:\/\/libreriahistoriasdebolsillo.com\/index.php\/wp-json\/wp\/v2\/product_brand?post=4209"},{"taxonomy":"product_cat","embeddable":true,"href":"https:\/\/libreriahistoriasdebolsillo.com\/index.php\/wp-json\/wp\/v2\/product_cat?post=4209"},{"taxonomy":"product_tag","embeddable":true,"href":"https:\/\/libreriahistoriasdebolsillo.com\/index.php\/wp-json\/wp\/v2\/product_tag?post=4209"}],"curies":[{"name":"wp","href":"https:\/\/api.w.org\/{rel}","templated":true}]}}