{"id":4211,"date":"2024-04-26T10:29:56","date_gmt":"2024-04-26T16:29:56","guid":{"rendered":"https:\/\/libreriahistoriasdebolsillo.com\/?post_type=product&#038;p=4211"},"modified":"2024-07-01T12:16:52","modified_gmt":"2024-07-01T18:16:52","slug":"la-conspiracion-de-la-fortuna","status":"publish","type":"product","link":"https:\/\/libreriahistoriasdebolsillo.com\/index.php\/producto\/la-conspiracion-de-la-fortuna\/","title":{"rendered":"La conspiraci\u00f3n de la fortuna"},"content":{"rendered":"<p>Esta novela\u00a0<b>narra el ascenso y la ca\u00edda de Santos Rodr\u00edguez<\/b>, un influyente\u00a0<b>asesor pol\u00edtico<\/b>\u00a0que luego de acompa\u00f1ar a distintos presidentes\u00a0<b>aspira \u00e9l mismo a convertirse en gobernante<\/b>\u00a0de una Rep\u00fablica jam\u00e1s nombrada, pero que se parece mucho al M\u00e9xico de mediados del siglo XX. Dotado de un gran carisma y copiosas arcas, y amparado en su buena fortuna, Santos Rodr\u00edguez buscar\u00e1 cumplir su sue\u00f1o a toda costa. Pero nada es tan sencilloen un pa\u00eds donde la lucha por el poder ocurre en el terreno de la miseria moral. Cuando su propio partido le da la espalda, buscar\u00e1\u00a0<b>vengarse del destino<\/b>\u00a0volcando sus esperanzas en uno de sus hijos, sin saber que con ello desatar\u00e1 su propia ruina.<\/p>\n","protected":false},"excerpt":{"rendered":"<p>H\u00e9ctor Aguilar Cam\u00edn<\/p>\n","protected":false},"featured_media":4212,"template":"","meta":{"_joinchat":[]},"product_brand":[],"product_cat":[78],"product_tag":[34],"class_list":{"0":"post-4211","1":"product","2":"type-product","3":"status-publish","4":"has-post-thumbnail","6":"product_cat-contemporanea","7":"product_tag-penguin-random-house","9":"first","10":"outofstock","11":"shipping-taxable","12":"purchasable","13":"product-type-simple"},"_links":{"self":[{"href":"https:\/\/libreriahistoriasdebolsillo.com\/index.php\/wp-json\/wp\/v2\/product\/4211","targetHints":{"allow":["GET"]}}],"collection":[{"href":"https:\/\/libreriahistoriasdebolsillo.com\/index.php\/wp-json\/wp\/v2\/product"}],"about":[{"href":"https:\/\/libreriahistoriasdebolsillo.com\/index.php\/wp-json\/wp\/v2\/types\/product"}],"wp:featuredmedia":[{"embeddable":true,"href":"https:\/\/libreriahistoriasdebolsillo.com\/index.php\/wp-json\/wp\/v2\/media\/4212"}],"wp:attachment":[{"href":"https:\/\/libreriahistoriasdebolsillo.com\/index.php\/wp-json\/wp\/v2\/media?parent=4211"}],"wp:term":[{"taxonomy":"product_brand","embeddable":true,"href":"https:\/\/libreriahistoriasdebolsillo.com\/index.php\/wp-json\/wp\/v2\/product_brand?post=4211"},{"taxonomy":"product_cat","embeddable":true,"href":"https:\/\/libreriahistoriasdebolsillo.com\/index.php\/wp-json\/wp\/v2\/product_cat?post=4211"},{"taxonomy":"product_tag","embeddable":true,"href":"https:\/\/libreriahistoriasdebolsillo.com\/index.php\/wp-json\/wp\/v2\/product_tag?post=4211"}],"curies":[{"name":"wp","href":"https:\/\/api.w.org\/{rel}","templated":true}]}}