{"id":4215,"date":"2024-04-26T11:25:59","date_gmt":"2024-04-26T17:25:59","guid":{"rendered":"https:\/\/libreriahistoriasdebolsillo.com\/?post_type=product&#038;p=4215"},"modified":"2024-07-01T12:17:26","modified_gmt":"2024-07-01T18:17:26","slug":"la-tumba","status":"publish","type":"product","link":"https:\/\/libreriahistoriasdebolsillo.com\/index.php\/producto\/la-tumba\/","title":{"rendered":"La tumba"},"content":{"rendered":"<p>Antes de la publicaci\u00f3n de La tumba en 1964, no exist\u00eda en la literatura mexicana un escritor que transgrediera las formas narrativas como lo hizo Jos\u00e9 Agust\u00edn con su primera novela. La tumba seguir\u00e1 siendo le\u00edda por distintas generaciones por su intacto esp\u00edritu rebelde, desencantado y mordaz. Un cl\u00e1sico que celebra sus primeros 50 a\u00f1os.<\/p>\n<p>\u00abExiste un equ\u00edvoco en torno a la obra de Jos\u00e9 Agust\u00edn. Se asume por default que le concierne el debate entre alta cultura y cultura popular. Sus intereses se centran m\u00e1s all\u00e1 de esta estrecha concepci\u00f3n cr\u00edtica. Es la lengua como divinidad la que ha sido una de sus obsesiones primordiales. \u00abY en esta ambici\u00f3n La tumba fue el disparo de salida. Un inmejorable arranque.\u00bb<\/p>\n<p>Carlos Vel\u00e1zquez (del pr\u00f3logo para esta edici\u00f3n)<\/p>\n","protected":false},"excerpt":{"rendered":"<p>Jos\u00e9 Agust\u00edn<\/p>\n","protected":false},"featured_media":4216,"template":"","meta":{"_joinchat":[]},"product_brand":[],"product_cat":[78,51],"product_tag":[34],"class_list":{"0":"post-4215","1":"product","2":"type-product","3":"status-publish","4":"has-post-thumbnail","6":"product_cat-contemporanea","7":"product_cat-oferta","8":"product_tag-penguin-random-house","10":"first","11":"outofstock","12":"shipping-taxable","13":"purchasable","14":"product-type-simple"},"_links":{"self":[{"href":"https:\/\/libreriahistoriasdebolsillo.com\/index.php\/wp-json\/wp\/v2\/product\/4215","targetHints":{"allow":["GET"]}}],"collection":[{"href":"https:\/\/libreriahistoriasdebolsillo.com\/index.php\/wp-json\/wp\/v2\/product"}],"about":[{"href":"https:\/\/libreriahistoriasdebolsillo.com\/index.php\/wp-json\/wp\/v2\/types\/product"}],"wp:featuredmedia":[{"embeddable":true,"href":"https:\/\/libreriahistoriasdebolsillo.com\/index.php\/wp-json\/wp\/v2\/media\/4216"}],"wp:attachment":[{"href":"https:\/\/libreriahistoriasdebolsillo.com\/index.php\/wp-json\/wp\/v2\/media?parent=4215"}],"wp:term":[{"taxonomy":"product_brand","embeddable":true,"href":"https:\/\/libreriahistoriasdebolsillo.com\/index.php\/wp-json\/wp\/v2\/product_brand?post=4215"},{"taxonomy":"product_cat","embeddable":true,"href":"https:\/\/libreriahistoriasdebolsillo.com\/index.php\/wp-json\/wp\/v2\/product_cat?post=4215"},{"taxonomy":"product_tag","embeddable":true,"href":"https:\/\/libreriahistoriasdebolsillo.com\/index.php\/wp-json\/wp\/v2\/product_tag?post=4215"}],"curies":[{"name":"wp","href":"https:\/\/api.w.org\/{rel}","templated":true}]}}