{"id":4219,"date":"2024-04-26T11:30:42","date_gmt":"2024-04-26T17:30:42","guid":{"rendered":"https:\/\/libreriahistoriasdebolsillo.com\/?post_type=product&#038;p=4219"},"modified":"2024-07-01T12:17:50","modified_gmt":"2024-07-01T18:17:50","slug":"como-enamorarte","status":"publish","type":"product","link":"https:\/\/libreriahistoriasdebolsillo.com\/index.php\/producto\/como-enamorarte\/","title":{"rendered":"C\u00f3mo enamorarte"},"content":{"rendered":"<p>Adam Basil y Christine Rose se conocen una noche, ya tarde, cuando Christine est\u00e1 cruzando el puente de Ha\u0092penny, en Dubl\u00edn. Lo ve all\u00ed, suspendido en el aire, amenazando con arrojarse al r\u00edo. Est\u00e1 desesperado, pero Christine llega a un alocado acuerdo con \u00e9l: le apuesta a que antes de que Adam cumpla los treinta y cinco a\u00f1os\u0096para lo cual falta poco\u0096 le habr\u00e1 demostrado que la vida merece la pena. Pese a su determinaci\u00f3n, Christine sabe lo peligrosa que es la promesa que ha hecho. Ambos se embarcan contra el reloj en locas aventuras, y Adam parece estar enamor\u00e1ndose de nuevo de su vida. Ahora bien, \u00bfHa conseguido Christine que cambie de actitud para siempre? Y \u00bfes eso lo \u00fanico que est\u00e1 empezando a ocurrir?<\/p>\n","protected":false},"excerpt":{"rendered":"<p>Cecelia Ahern<\/p>\n","protected":false},"featured_media":4220,"template":"","meta":{"_joinchat":[]},"product_brand":[],"product_cat":[51,35],"product_tag":[34],"class_list":{"0":"post-4219","1":"product","2":"type-product","3":"status-publish","4":"has-post-thumbnail","6":"product_cat-oferta","7":"product_cat-romantica","8":"product_tag-penguin-random-house","10":"first","11":"outofstock","12":"shipping-taxable","13":"purchasable","14":"product-type-simple"},"_links":{"self":[{"href":"https:\/\/libreriahistoriasdebolsillo.com\/index.php\/wp-json\/wp\/v2\/product\/4219","targetHints":{"allow":["GET"]}}],"collection":[{"href":"https:\/\/libreriahistoriasdebolsillo.com\/index.php\/wp-json\/wp\/v2\/product"}],"about":[{"href":"https:\/\/libreriahistoriasdebolsillo.com\/index.php\/wp-json\/wp\/v2\/types\/product"}],"wp:featuredmedia":[{"embeddable":true,"href":"https:\/\/libreriahistoriasdebolsillo.com\/index.php\/wp-json\/wp\/v2\/media\/4220"}],"wp:attachment":[{"href":"https:\/\/libreriahistoriasdebolsillo.com\/index.php\/wp-json\/wp\/v2\/media?parent=4219"}],"wp:term":[{"taxonomy":"product_brand","embeddable":true,"href":"https:\/\/libreriahistoriasdebolsillo.com\/index.php\/wp-json\/wp\/v2\/product_brand?post=4219"},{"taxonomy":"product_cat","embeddable":true,"href":"https:\/\/libreriahistoriasdebolsillo.com\/index.php\/wp-json\/wp\/v2\/product_cat?post=4219"},{"taxonomy":"product_tag","embeddable":true,"href":"https:\/\/libreriahistoriasdebolsillo.com\/index.php\/wp-json\/wp\/v2\/product_tag?post=4219"}],"curies":[{"name":"wp","href":"https:\/\/api.w.org\/{rel}","templated":true}]}}