{"id":4223,"date":"2024-04-26T11:36:39","date_gmt":"2024-04-26T17:36:39","guid":{"rendered":"https:\/\/libreriahistoriasdebolsillo.com\/?post_type=product&#038;p=4223"},"modified":"2024-07-01T12:18:23","modified_gmt":"2024-07-01T18:18:23","slug":"voces-de-chernobil","status":"publish","type":"product","link":"https:\/\/libreriahistoriasdebolsillo.com\/index.php\/producto\/voces-de-chernobil\/","title":{"rendered":"Voces de Chern\u00f3bil"},"content":{"rendered":"<p><b>La escritora bielorrusa Premio Nobel de Literatura 2015 da voz a aquellas personas que sobrevivieron al desastre de Chern\u00f3bil y que fueron silenciadas y olvidadas por su propio gobierno. Este libro les da la oportunidad de contar su historia.<\/b><\/p>\n<p><b>Chern\u00f3bil, 1986.\u00a0<\/b>\u00abCierra las ventanillas y acu\u00e9state. Hay un incendio en la central. Vendr\u00e9 pronto.\u00bb Esto fue lo \u00faltimo que un joven bombero dijo a su esposa antes de acudir al lugar de la explosi\u00f3n. No regres\u00f3. Y en cierto modo, ya no volvi\u00f3 a verle, pues en el hospital su marido dej\u00f3 de ser su marido. Todav\u00eda hoy ella se pregunta si su historia trata sobre el amor o la muerte.<\/p>\n<p><i>Voces de Chern\u00f3bil<\/i>\u00a0est\u00e1 planteado como si fuera una tragedia griega,con coros y unos h\u00e9roes marcados por un<b>\u00a0destino fatal,\u00a0<\/b>cuyas voces fueron silenciadas durante muchos a\u00f1os por una polis representada aqu\u00ed por la\u00a0<b>antigua URSS.<\/b>\u00a0Pero, a diferencia de una tragedia griega, no hubo posibilidad de catarsis.<\/p>\n","protected":false},"excerpt":{"rendered":"<p>Svetlana Alexi\u00e9vich<\/p>\n","protected":false},"featured_media":4224,"template":"","meta":{"_joinchat":[]},"product_brand":[],"product_cat":[41],"product_tag":[],"class_list":{"0":"post-4223","1":"product","2":"type-product","3":"status-publish","4":"has-post-thumbnail","6":"product_cat-desarrollo-humano","8":"first","9":"outofstock","10":"shipping-taxable","11":"purchasable","12":"product-type-simple"},"_links":{"self":[{"href":"https:\/\/libreriahistoriasdebolsillo.com\/index.php\/wp-json\/wp\/v2\/product\/4223","targetHints":{"allow":["GET"]}}],"collection":[{"href":"https:\/\/libreriahistoriasdebolsillo.com\/index.php\/wp-json\/wp\/v2\/product"}],"about":[{"href":"https:\/\/libreriahistoriasdebolsillo.com\/index.php\/wp-json\/wp\/v2\/types\/product"}],"wp:featuredmedia":[{"embeddable":true,"href":"https:\/\/libreriahistoriasdebolsillo.com\/index.php\/wp-json\/wp\/v2\/media\/4224"}],"wp:attachment":[{"href":"https:\/\/libreriahistoriasdebolsillo.com\/index.php\/wp-json\/wp\/v2\/media?parent=4223"}],"wp:term":[{"taxonomy":"product_brand","embeddable":true,"href":"https:\/\/libreriahistoriasdebolsillo.com\/index.php\/wp-json\/wp\/v2\/product_brand?post=4223"},{"taxonomy":"product_cat","embeddable":true,"href":"https:\/\/libreriahistoriasdebolsillo.com\/index.php\/wp-json\/wp\/v2\/product_cat?post=4223"},{"taxonomy":"product_tag","embeddable":true,"href":"https:\/\/libreriahistoriasdebolsillo.com\/index.php\/wp-json\/wp\/v2\/product_tag?post=4223"}],"curies":[{"name":"wp","href":"https:\/\/api.w.org\/{rel}","templated":true}]}}