{"id":4225,"date":"2024-04-26T11:39:23","date_gmt":"2024-04-26T17:39:23","guid":{"rendered":"https:\/\/libreriahistoriasdebolsillo.com\/?post_type=product&#038;p=4225"},"modified":"2024-07-01T12:19:06","modified_gmt":"2024-07-01T18:19:06","slug":"la-suma-de-los-dias","status":"publish","type":"product","link":"https:\/\/libreriahistoriasdebolsillo.com\/index.php\/producto\/la-suma-de-los-dias\/","title":{"rendered":"La suma de los d\u00edas"},"content":{"rendered":"<p align=\"JUSTIFY\">En las p\u00e1ginas de este libro, Isabel Allende narra con franqueza la historia reciente de su vida y la de su peculiar familia en California, en una casa abierta, llena de gente y de personajes literarios, y protegida por un esp\u00edritu: hijas perdidas, nietos y libros que nacen, \u00e9xitos y dolores, un viaje al mundo de las adicciones y otros a lugares remotos del mundo en busca de inspiraci\u00f3n, junto a divorcios, encuentros, amores, separaciones, crisis de pareja y reconciliaciones. Tambi\u00e9n es una historia de amor entre un hombre y una mujer maduros, que han salvado juntos muchos escollos sin perder ni la pasi\u00f3n ni el humor, y de una familia moderna, desgarrada por conflictos y unida, a pesar de todo, por el cari\u00f1o y la decisi\u00f3n de salir adelante. \u00c9sta es la familia que descubrimos en\u00a0<i>Paula<\/i>\u00a0y que desciende de los personajes de\u00a0<i>La casa de los esp\u00edritus<\/i>.<\/p>\n<p align=\"JUSTIFY\">Una obra al tiempo emotiva y escrita en el tono ir\u00f3nico y apasionado que caracteriza a la autora, en la que nos entrega la suma de sus d\u00edas como mujer y como escritora.<\/p>\n","protected":false},"excerpt":{"rendered":"<p>Isabel Allende<\/p>\n","protected":false},"featured_media":4226,"template":"","meta":{"_joinchat":[]},"product_brand":[],"product_cat":[41],"product_tag":[34],"class_list":{"0":"post-4225","1":"product","2":"type-product","3":"status-publish","4":"has-post-thumbnail","6":"product_cat-desarrollo-humano","7":"product_tag-penguin-random-house","9":"first","10":"outofstock","11":"shipping-taxable","12":"purchasable","13":"product-type-simple"},"_links":{"self":[{"href":"https:\/\/libreriahistoriasdebolsillo.com\/index.php\/wp-json\/wp\/v2\/product\/4225","targetHints":{"allow":["GET"]}}],"collection":[{"href":"https:\/\/libreriahistoriasdebolsillo.com\/index.php\/wp-json\/wp\/v2\/product"}],"about":[{"href":"https:\/\/libreriahistoriasdebolsillo.com\/index.php\/wp-json\/wp\/v2\/types\/product"}],"wp:featuredmedia":[{"embeddable":true,"href":"https:\/\/libreriahistoriasdebolsillo.com\/index.php\/wp-json\/wp\/v2\/media\/4226"}],"wp:attachment":[{"href":"https:\/\/libreriahistoriasdebolsillo.com\/index.php\/wp-json\/wp\/v2\/media?parent=4225"}],"wp:term":[{"taxonomy":"product_brand","embeddable":true,"href":"https:\/\/libreriahistoriasdebolsillo.com\/index.php\/wp-json\/wp\/v2\/product_brand?post=4225"},{"taxonomy":"product_cat","embeddable":true,"href":"https:\/\/libreriahistoriasdebolsillo.com\/index.php\/wp-json\/wp\/v2\/product_cat?post=4225"},{"taxonomy":"product_tag","embeddable":true,"href":"https:\/\/libreriahistoriasdebolsillo.com\/index.php\/wp-json\/wp\/v2\/product_tag?post=4225"}],"curies":[{"name":"wp","href":"https:\/\/api.w.org\/{rel}","templated":true}]}}