{"id":4232,"date":"2024-04-26T11:46:16","date_gmt":"2024-04-26T17:46:16","guid":{"rendered":"https:\/\/libreriahistoriasdebolsillo.com\/?post_type=product&#038;p=4232"},"modified":"2024-07-01T12:18:52","modified_gmt":"2024-07-01T18:18:52","slug":"el-cuaderno-maya","status":"publish","type":"product","link":"https:\/\/libreriahistoriasdebolsillo.com\/index.php\/producto\/el-cuaderno-maya\/","title":{"rendered":"El cuaderno maya"},"content":{"rendered":"<p>Cuando Maya Vidal, una californiana de diecinueve a\u00f1os, se ve obligada a huir de la justicia, su abuela chilena le consigue un refugio en la\u00a0<b>isla de Chilo\u00e9<\/b>. Tambi\u00e9n le sugiere volcar su experiencia en un cuaderno.<\/p>\n<p>Al seguir el consejo lejos del mundo, Maya no tardar\u00e1 en repasar su infancia dif\u00edcil, analizar su ca\u00edda en el alcohol y las drogas y poner en perspectiva su asociaci\u00f3n con el\u00a0<b>mundo del delito.<\/b>Al cabo, sus notas no solo le permitir\u00e1n enfrentarse a sus miedos y zozobras, sino adem\u00e1s vislumbrar la posibilidad de una redenci\u00f3n<\/p>\n","protected":false},"excerpt":{"rendered":"<p>Isabel Allende<\/p>\n","protected":false},"featured_media":4233,"template":"","meta":{"_joinchat":[]},"product_brand":[],"product_cat":[78],"product_tag":[34],"class_list":{"0":"post-4232","1":"product","2":"type-product","3":"status-publish","4":"has-post-thumbnail","6":"product_cat-contemporanea","7":"product_tag-penguin-random-house","9":"first","10":"outofstock","11":"shipping-taxable","12":"purchasable","13":"product-type-simple"},"_links":{"self":[{"href":"https:\/\/libreriahistoriasdebolsillo.com\/index.php\/wp-json\/wp\/v2\/product\/4232","targetHints":{"allow":["GET"]}}],"collection":[{"href":"https:\/\/libreriahistoriasdebolsillo.com\/index.php\/wp-json\/wp\/v2\/product"}],"about":[{"href":"https:\/\/libreriahistoriasdebolsillo.com\/index.php\/wp-json\/wp\/v2\/types\/product"}],"wp:featuredmedia":[{"embeddable":true,"href":"https:\/\/libreriahistoriasdebolsillo.com\/index.php\/wp-json\/wp\/v2\/media\/4233"}],"wp:attachment":[{"href":"https:\/\/libreriahistoriasdebolsillo.com\/index.php\/wp-json\/wp\/v2\/media?parent=4232"}],"wp:term":[{"taxonomy":"product_brand","embeddable":true,"href":"https:\/\/libreriahistoriasdebolsillo.com\/index.php\/wp-json\/wp\/v2\/product_brand?post=4232"},{"taxonomy":"product_cat","embeddable":true,"href":"https:\/\/libreriahistoriasdebolsillo.com\/index.php\/wp-json\/wp\/v2\/product_cat?post=4232"},{"taxonomy":"product_tag","embeddable":true,"href":"https:\/\/libreriahistoriasdebolsillo.com\/index.php\/wp-json\/wp\/v2\/product_tag?post=4232"}],"curies":[{"name":"wp","href":"https:\/\/api.w.org\/{rel}","templated":true}]}}