{"id":4236,"date":"2024-04-26T11:52:07","date_gmt":"2024-04-26T17:52:07","guid":{"rendered":"https:\/\/libreriahistoriasdebolsillo.com\/?post_type=product&#038;p=4236"},"modified":"2024-07-01T12:18:43","modified_gmt":"2024-07-01T18:18:43","slug":"pack-memorias-del-aguila-y-del-jaguar","status":"publish","type":"product","link":"https:\/\/libreriahistoriasdebolsillo.com\/index.php\/producto\/pack-memorias-del-aguila-y-del-jaguar\/","title":{"rendered":"Pack memorias del \u00e1guila y del jaguar"},"content":{"rendered":"<p><b><i>La ciudad de las bestias<\/i><\/b><\/p>\n<p>Alexander Cold es un muchacho americano de quince a\u00f1os que parte al Amazonas con su abuela Kate, periodista especializada en viajes. La expedici\u00f3n se interna en la selva en busca de una extra\u00f1a bestia gigantesca. Junto con su compa\u00f1era de viaje, Nadia Santos, y un centenario cham\u00e1n ind\u00edgena, Alex conocer\u00e1 un mundo sorprendente y juntos vivir\u00e1n una gran aventura.<\/p>\n<p>&#8212;&#8212;-<\/p>\n<p><i><b>El reino del Drag\u00f3n de Oro<\/b><\/i><\/p>\n<p>La estatua del Drag\u00f3n de Oro permanece oculta en un reino peque\u00f1o y misterioso, enclavado en la cordillera del Himalaya. Y seg\u00fan cuenta la leyenda, este magn\u00edfico objeto, un poderoso instrumento de apinaci\u00f3n incrustado de piedras preciosas, preserva la paz de estas tierras. Una paz que ahora, por la codicia en el alma de los hombres, puede verse perturbada. En El Reino del Drag\u00f3n de Oro, Isabel Allende nos invita a entrar en una doble aventura. Alexander Cold, su abuela Kate y Nadia Santos, los protagonistas de La Ciudad de las Bestias, han vuelto a reunirse. Viviremos con ellos sus peripecias y vicisitudes en la belleza desnuda, limpia, de las monta\u00f1as y los valles del Himalaya en compa\u00f1\u00eda de nuevos amigos.<\/p>\n<p>&#8212;&#8212;-<\/p>\n<p><b><i>El bosque de los pigmeos<\/i><\/b><\/p>\n<p>Todos desconocen el destino de la tribu de pigmeos que habitaba aquel bosque de \u00c1frica ecuatorial. Nadie quiere arriesgarse a entrar en esa regi\u00f3n donde los animales est\u00e1n siendo exterminados y dos misioneros acaban de desaparecer. La selva guarda sus secretos, aveces tan oscuros como el coraz\u00f3n de algunos hombres.<\/p>\n","protected":false},"excerpt":{"rendered":"<p>Isabel Allende<\/p>\n","protected":false},"featured_media":4237,"template":"","meta":{"_joinchat":[]},"product_brand":[],"product_cat":[78],"product_tag":[34],"class_list":{"0":"post-4236","1":"product","2":"type-product","3":"status-publish","4":"has-post-thumbnail","6":"product_cat-contemporanea","7":"product_tag-penguin-random-house","9":"first","10":"outofstock","11":"shipping-taxable","12":"purchasable","13":"product-type-simple"},"_links":{"self":[{"href":"https:\/\/libreriahistoriasdebolsillo.com\/index.php\/wp-json\/wp\/v2\/product\/4236","targetHints":{"allow":["GET"]}}],"collection":[{"href":"https:\/\/libreriahistoriasdebolsillo.com\/index.php\/wp-json\/wp\/v2\/product"}],"about":[{"href":"https:\/\/libreriahistoriasdebolsillo.com\/index.php\/wp-json\/wp\/v2\/types\/product"}],"wp:featuredmedia":[{"embeddable":true,"href":"https:\/\/libreriahistoriasdebolsillo.com\/index.php\/wp-json\/wp\/v2\/media\/4237"}],"wp:attachment":[{"href":"https:\/\/libreriahistoriasdebolsillo.com\/index.php\/wp-json\/wp\/v2\/media?parent=4236"}],"wp:term":[{"taxonomy":"product_brand","embeddable":true,"href":"https:\/\/libreriahistoriasdebolsillo.com\/index.php\/wp-json\/wp\/v2\/product_brand?post=4236"},{"taxonomy":"product_cat","embeddable":true,"href":"https:\/\/libreriahistoriasdebolsillo.com\/index.php\/wp-json\/wp\/v2\/product_cat?post=4236"},{"taxonomy":"product_tag","embeddable":true,"href":"https:\/\/libreriahistoriasdebolsillo.com\/index.php\/wp-json\/wp\/v2\/product_tag?post=4236"}],"curies":[{"name":"wp","href":"https:\/\/api.w.org\/{rel}","templated":true}]}}