{"id":4238,"date":"2024-04-26T11:54:12","date_gmt":"2024-04-26T17:54:12","guid":{"rendered":"https:\/\/libreriahistoriasdebolsillo.com\/?post_type=product&#038;p=4238"},"modified":"2024-07-01T12:18:38","modified_gmt":"2024-07-01T18:18:38","slug":"el-juego-de-ripper","status":"publish","type":"product","link":"https:\/\/libreriahistoriasdebolsillo.com\/index.php\/producto\/el-juego-de-ripper\/","title":{"rendered":"El juego de Ripper"},"content":{"rendered":"<p><b>Con esta novela la exitosa autora Isabel Allende mantiene fresca su voz y consigue ampliar su c\u00edrculo de lectores a un p\u00fablico m\u00e1s juvenil.<\/b><\/p>\n<p><b>Una gran novela con los ingredientes necesarios para atrapar a sus lectores: asesinatos, persecuciones, desapariciones y, por supuesto, una historia de amor.<\/b><\/p>\n<p>San Francisco est\u00e1 dejando de ser una ciudad segura: Ed Stanton ha sido asesinado y a partir de ah\u00ed se suceden otras muertes. Amanda y su grupo de amigos comienzan a darse cuenta de que esas muertes no est\u00e1n aisladas, y poco a poco van tejiendo los hilos para demostrar que se trata de un asesino en serie.<\/p>\n<p>Bob, inspector en jefe y padre de Amanda, al principio no toma en serio las deducciones de su hija y piensa que se trata s\u00f3lo de una obsesi\u00f3n de ella y el abuelo. Hasta que la desgracia toca a sus puertas: Indiana, ex esposa de Bob y madre de Amanda, es secuestrada y ellos tienen menos de 72 horas para salvarla.<\/p>\n","protected":false},"excerpt":{"rendered":"<p>Isabel Allende<\/p>\n","protected":false},"featured_media":4239,"template":"","meta":{"_joinchat":[]},"product_brand":[],"product_cat":[78],"product_tag":[34],"class_list":{"0":"post-4238","1":"product","2":"type-product","3":"status-publish","4":"has-post-thumbnail","6":"product_cat-contemporanea","7":"product_tag-penguin-random-house","9":"first","10":"outofstock","11":"shipping-taxable","12":"purchasable","13":"product-type-simple"},"_links":{"self":[{"href":"https:\/\/libreriahistoriasdebolsillo.com\/index.php\/wp-json\/wp\/v2\/product\/4238","targetHints":{"allow":["GET"]}}],"collection":[{"href":"https:\/\/libreriahistoriasdebolsillo.com\/index.php\/wp-json\/wp\/v2\/product"}],"about":[{"href":"https:\/\/libreriahistoriasdebolsillo.com\/index.php\/wp-json\/wp\/v2\/types\/product"}],"wp:featuredmedia":[{"embeddable":true,"href":"https:\/\/libreriahistoriasdebolsillo.com\/index.php\/wp-json\/wp\/v2\/media\/4239"}],"wp:attachment":[{"href":"https:\/\/libreriahistoriasdebolsillo.com\/index.php\/wp-json\/wp\/v2\/media?parent=4238"}],"wp:term":[{"taxonomy":"product_brand","embeddable":true,"href":"https:\/\/libreriahistoriasdebolsillo.com\/index.php\/wp-json\/wp\/v2\/product_brand?post=4238"},{"taxonomy":"product_cat","embeddable":true,"href":"https:\/\/libreriahistoriasdebolsillo.com\/index.php\/wp-json\/wp\/v2\/product_cat?post=4238"},{"taxonomy":"product_tag","embeddable":true,"href":"https:\/\/libreriahistoriasdebolsillo.com\/index.php\/wp-json\/wp\/v2\/product_tag?post=4238"}],"curies":[{"name":"wp","href":"https:\/\/api.w.org\/{rel}","templated":true}]}}