{"id":4240,"date":"2024-04-26T11:57:11","date_gmt":"2024-04-26T17:57:11","guid":{"rendered":"https:\/\/libreriahistoriasdebolsillo.com\/?post_type=product&#038;p=4240"},"modified":"2024-07-01T12:20:14","modified_gmt":"2024-07-01T18:20:14","slug":"saga-dollanganger-2-petalos-al-viento","status":"publish","type":"product","link":"https:\/\/libreriahistoriasdebolsillo.com\/index.php\/producto\/saga-dollanganger-2-petalos-al-viento\/","title":{"rendered":"Saga Dollanganger 2. P\u00e9talos al viento"},"content":{"rendered":"<p><b>#1 bestseller de\u00a0<i>The New York Times<\/i><\/b><\/p>\n<p><b>Una de las sagas m\u00e1s exitosas de Estados Unidos, ahora con una nueva piel para generaciones m\u00e1s j\u00f3venes.<\/b><\/p>\n<p><b><i>P\u00e9talos al viento<\/i>\u00a0es la segunda parte de\u00a0<i>Flores en el \u00e1tico<\/i>, libro que le da una soluci\u00f3n al encierro de los hermanos Dollanganger.<\/b><\/p>\n<p>Una d\u00e9cada despu\u00e9s de que los hermanos Dollanganger escaparan del cautiverio al que los condenaran su madre y su abuela, regresa a ellos la sombra de Foxworth Hall. En su intento por dejar el pasado atr\u00e1s, descubren que ciertos secretos no se pueden borrar. Christopher y Cathy tendr\u00e1n que enfrentar los sentimientos prohibidos que desarrollaron durante su encierro. Cuando la tragedia vuelve a trastocar la existencia de los Dollanganger, Cathy vuelve a la mansi\u00f3n para enfrentar a los fantasmas del pasado. P\u00e9talos al viento est\u00e1 escrita con maestr\u00eda, sensibilidad y gran valent\u00eda, pues la ternura infantil se torna erotismo, resentimiento y astucia. Esta impactante saga se completa con las novelas\u00a0<i>Flores en el \u00e1tico, Si hubiera espinas, Semillas del ayer<\/i>\u00a0y\u00a0<i>Jard\u00edn sombr\u00edo<\/i>.<\/p>\n","protected":false},"excerpt":{"rendered":"<p>V.C. Andrews<\/p>\n","protected":false},"featured_media":4241,"template":"","meta":{"_joinchat":[]},"product_brand":[],"product_cat":[37],"product_tag":[34],"class_list":{"0":"post-4240","1":"product","2":"type-product","3":"status-publish","4":"has-post-thumbnail","6":"product_cat-misterio-y-thriller","7":"product_tag-penguin-random-house","9":"first","10":"outofstock","11":"shipping-taxable","12":"purchasable","13":"product-type-simple"},"_links":{"self":[{"href":"https:\/\/libreriahistoriasdebolsillo.com\/index.php\/wp-json\/wp\/v2\/product\/4240","targetHints":{"allow":["GET"]}}],"collection":[{"href":"https:\/\/libreriahistoriasdebolsillo.com\/index.php\/wp-json\/wp\/v2\/product"}],"about":[{"href":"https:\/\/libreriahistoriasdebolsillo.com\/index.php\/wp-json\/wp\/v2\/types\/product"}],"wp:featuredmedia":[{"embeddable":true,"href":"https:\/\/libreriahistoriasdebolsillo.com\/index.php\/wp-json\/wp\/v2\/media\/4241"}],"wp:attachment":[{"href":"https:\/\/libreriahistoriasdebolsillo.com\/index.php\/wp-json\/wp\/v2\/media?parent=4240"}],"wp:term":[{"taxonomy":"product_brand","embeddable":true,"href":"https:\/\/libreriahistoriasdebolsillo.com\/index.php\/wp-json\/wp\/v2\/product_brand?post=4240"},{"taxonomy":"product_cat","embeddable":true,"href":"https:\/\/libreriahistoriasdebolsillo.com\/index.php\/wp-json\/wp\/v2\/product_cat?post=4240"},{"taxonomy":"product_tag","embeddable":true,"href":"https:\/\/libreriahistoriasdebolsillo.com\/index.php\/wp-json\/wp\/v2\/product_tag?post=4240"}],"curies":[{"name":"wp","href":"https:\/\/api.w.org\/{rel}","templated":true}]}}