{"id":4242,"date":"2024-04-26T11:59:10","date_gmt":"2024-04-26T17:59:10","guid":{"rendered":"https:\/\/libreriahistoriasdebolsillo.com\/?post_type=product&#038;p=4242"},"modified":"2024-07-01T12:20:09","modified_gmt":"2024-07-01T18:20:09","slug":"saga-dollanganger-1-flores-en-el-atico","status":"publish","type":"product","link":"https:\/\/libreriahistoriasdebolsillo.com\/index.php\/producto\/saga-dollanganger-1-flores-en-el-atico\/","title":{"rendered":"Saga Dollanganger 1. Flores en el \u00e1tico"},"content":{"rendered":"<p><b>Desde su publicaci\u00f3n en ingl\u00e9s en 1979,\u00a0<\/b><i><b>Flores en el \u00e1tico\u00a0<\/b><\/i><b>se convirti\u00f3 en un fulminante\u00a0<\/b><i><b>bestseller<\/b><\/i><b>\u00a0y fue adaptada al cine con gran \u00e9xito.<\/b><\/p>\n<p>Corre el a\u00f1o 1957, y los Dollanganger parecen una familia perfecta que vive sin preocupaciones en su id\u00edlica casa de Gladstone, Pensilvania&#8230; hasta que la tragedia llama a su puerta. Ocurre el d\u00eda en que Christopher, el patriarca de la familia, muere en un accidente. Su viuda, Corrine, debe hacer frente al peso de una gran deuda que no puede asumir. Su \u00fanica opci\u00f3n: regresar a la mansi\u00f3n de sus acaudalados padres en busca de ayuda. Su madre, Olivia Foxworth, la acoge bajo la cruel condici\u00f3n de que los ni\u00f1os se escondan en el desv\u00e1n.<\/p>\n<p>De esta forma empieza el tormento de los hermanos Dollanganger -Cathy, Chris y los gemelos Carrie y Cory-, v\u00edctimas inocentes de pasiones prohibidas y condenados a vivir aislados del mundo.<\/p>\n","protected":false},"excerpt":{"rendered":"<p>V.C. Andrews<\/p>\n","protected":false},"featured_media":4243,"template":"","meta":{"_joinchat":[]},"product_brand":[],"product_cat":[37],"product_tag":[34],"class_list":{"0":"post-4242","1":"product","2":"type-product","3":"status-publish","4":"has-post-thumbnail","6":"product_cat-misterio-y-thriller","7":"product_tag-penguin-random-house","9":"first","10":"outofstock","11":"shipping-taxable","12":"purchasable","13":"product-type-simple"},"_links":{"self":[{"href":"https:\/\/libreriahistoriasdebolsillo.com\/index.php\/wp-json\/wp\/v2\/product\/4242","targetHints":{"allow":["GET"]}}],"collection":[{"href":"https:\/\/libreriahistoriasdebolsillo.com\/index.php\/wp-json\/wp\/v2\/product"}],"about":[{"href":"https:\/\/libreriahistoriasdebolsillo.com\/index.php\/wp-json\/wp\/v2\/types\/product"}],"wp:featuredmedia":[{"embeddable":true,"href":"https:\/\/libreriahistoriasdebolsillo.com\/index.php\/wp-json\/wp\/v2\/media\/4243"}],"wp:attachment":[{"href":"https:\/\/libreriahistoriasdebolsillo.com\/index.php\/wp-json\/wp\/v2\/media?parent=4242"}],"wp:term":[{"taxonomy":"product_brand","embeddable":true,"href":"https:\/\/libreriahistoriasdebolsillo.com\/index.php\/wp-json\/wp\/v2\/product_brand?post=4242"},{"taxonomy":"product_cat","embeddable":true,"href":"https:\/\/libreriahistoriasdebolsillo.com\/index.php\/wp-json\/wp\/v2\/product_cat?post=4242"},{"taxonomy":"product_tag","embeddable":true,"href":"https:\/\/libreriahistoriasdebolsillo.com\/index.php\/wp-json\/wp\/v2\/product_tag?post=4242"}],"curies":[{"name":"wp","href":"https:\/\/api.w.org\/{rel}","templated":true}]}}