{"id":4246,"date":"2024-04-26T12:08:39","date_gmt":"2024-04-26T18:08:39","guid":{"rendered":"https:\/\/libreriahistoriasdebolsillo.com\/?post_type=product&#038;p=4246"},"modified":"2024-07-01T12:20:01","modified_gmt":"2024-07-01T18:20:01","slug":"saga-dollanganger-4-semillas-del-ayer","status":"publish","type":"product","link":"https:\/\/libreriahistoriasdebolsillo.com\/index.php\/producto\/saga-dollanganger-4-semillas-del-ayer\/","title":{"rendered":"Saga Dollanganger 4. Semillas del ayer"},"content":{"rendered":"<p><b><i>Semillas del ayer<\/i>\u00a0culmina la apasionante historia de la familia Dollanganger, precedida por\u00a0<i>Jard\u00edn sombr\u00edo, Flores en el \u00e1tico, P\u00e9talos al viento<\/i>\u00a0y\u00a0<i>Si hubiera espinas<\/i>.<\/b><\/p>\n<p><b>Una saga inolvidable relanzada en formato bolsillo con nuevas e incre\u00edbles portadas.<\/b><\/p>\n<p>Cathy y Chris, atrapados por una maldici\u00f3n que incluso amenaza la vida de sus hijos, lidian con el terrible espectro de Foxworth Hall.<\/p>\n<p>Un misterioso familiar ha vuelto del pasado para seguir perturbando la mente de Bart y destruir la armon\u00eda que tanto les ha costado encontrar. La historia da un vuelco cuando Bart, convertido en un guapo y ambicioso hombre, trata a toda costa de desacreditar a Chris y vengarse de \u00e9l. El desenlace de la historia de amor entre los hermanos Dollanganger al fin ha llegado.<\/p>\n","protected":false},"excerpt":{"rendered":"<p>V.C. Andrews<\/p>\n","protected":false},"featured_media":4247,"template":"","meta":{"_joinchat":[]},"product_brand":[],"product_cat":[37],"product_tag":[34],"class_list":{"0":"post-4246","1":"product","2":"type-product","3":"status-publish","4":"has-post-thumbnail","6":"product_cat-misterio-y-thriller","7":"product_tag-penguin-random-house","9":"first","10":"outofstock","11":"shipping-taxable","12":"purchasable","13":"product-type-simple"},"_links":{"self":[{"href":"https:\/\/libreriahistoriasdebolsillo.com\/index.php\/wp-json\/wp\/v2\/product\/4246","targetHints":{"allow":["GET"]}}],"collection":[{"href":"https:\/\/libreriahistoriasdebolsillo.com\/index.php\/wp-json\/wp\/v2\/product"}],"about":[{"href":"https:\/\/libreriahistoriasdebolsillo.com\/index.php\/wp-json\/wp\/v2\/types\/product"}],"wp:featuredmedia":[{"embeddable":true,"href":"https:\/\/libreriahistoriasdebolsillo.com\/index.php\/wp-json\/wp\/v2\/media\/4247"}],"wp:attachment":[{"href":"https:\/\/libreriahistoriasdebolsillo.com\/index.php\/wp-json\/wp\/v2\/media?parent=4246"}],"wp:term":[{"taxonomy":"product_brand","embeddable":true,"href":"https:\/\/libreriahistoriasdebolsillo.com\/index.php\/wp-json\/wp\/v2\/product_brand?post=4246"},{"taxonomy":"product_cat","embeddable":true,"href":"https:\/\/libreriahistoriasdebolsillo.com\/index.php\/wp-json\/wp\/v2\/product_cat?post=4246"},{"taxonomy":"product_tag","embeddable":true,"href":"https:\/\/libreriahistoriasdebolsillo.com\/index.php\/wp-json\/wp\/v2\/product_tag?post=4246"}],"curies":[{"name":"wp","href":"https:\/\/api.w.org\/{rel}","templated":true}]}}