{"id":4252,"date":"2024-04-26T12:20:50","date_gmt":"2024-04-26T18:20:50","guid":{"rendered":"https:\/\/libreriahistoriasdebolsillo.com\/?post_type=product&#038;p=4252"},"modified":"2025-03-03T17:21:58","modified_gmt":"2025-03-03T23:21:58","slug":"hambruna-roja","status":"publish","type":"product","link":"https:\/\/libreriahistoriasdebolsillo.com\/index.php\/producto\/hambruna-roja\/","title":{"rendered":"Hambruna roja"},"content":{"rendered":"<p>Anne Applebaum, ganadora del Premio Pulitzer por Gulag y finalista del National Book Award por\u00a0<i>El Tel\u00f3n de Acero<\/i>, cuenta en\u00a0<i>Hambruna roja<\/i>\u00a0la reveladora historia de uno de los peores cr\u00edmenes de la era sovi\u00e9tica<i>.<\/i><\/p>\n<p>En 1929, la gran colectivizaci\u00f3n puesta en marcha por Stalin forz\u00f3 a millones de campesinos a entregar sus tierras. El resultado fue una hambruna sin precedentes; al menos cinco millones de personas perecieron entre 1931 y 1934 en la URSS, de los cuales cuatro eran ucranianos.<\/p>\n<p>En\u00a0<i>Hambruna roja<\/i>, Anne Applebaum argumenta que esas muertes no fueron accidentales, ni consecuencias colaterales de una mala pol\u00edtica p\u00fablica, sino absolutamente deliberadas y planeadas. Con acceso a archivos clasificados, testimonios de supervivientes y las detalladas investigaciones de acad\u00e9micos ucranianos repartidos por todo el mundo, Applebaum analiza c\u00f3mo el Estado sovi\u00e9tico orquest\u00f3 la cat\u00e1strofe para deshacerse de un problema pol\u00edtico. Porque Stalin estaba decidido: Ucrania deb\u00eda abandonar sus aspiraciones nacionalistas y eso pasaba por enterrar su verdadera historia junto a millones de v\u00edctimas inocentes.<\/p>\n<p>Definitivo y devastador, este libro captura el horror de gente ordinaria que luch\u00f3 por sobrevivir un mal extraordinario. En un triunfo de erudici\u00f3n y empat\u00eda, Applebaum recupera una historia olvidada en un momento de crisis geopol\u00edtica entre Rusia y Ucrania que demuestra hasta qu\u00e9 punto el pasado moldea el presente.<\/p>\n","protected":false},"excerpt":{"rendered":"<p>Anne Applebaum<\/p>\n","protected":false},"featured_media":4253,"template":"","meta":{"_joinchat":[]},"product_brand":[],"product_cat":[79,78,41,51],"product_tag":[34],"class_list":{"0":"post-4252","1":"product","2":"type-product","3":"status-publish","4":"has-post-thumbnail","6":"product_cat-campana-punto-naranja","7":"product_cat-contemporanea","8":"product_cat-desarrollo-humano","9":"product_cat-oferta","10":"product_tag-penguin-random-house","12":"first","13":"outofstock","14":"sale","15":"shipping-taxable","16":"purchasable","17":"product-type-simple"},"_links":{"self":[{"href":"https:\/\/libreriahistoriasdebolsillo.com\/index.php\/wp-json\/wp\/v2\/product\/4252","targetHints":{"allow":["GET"]}}],"collection":[{"href":"https:\/\/libreriahistoriasdebolsillo.com\/index.php\/wp-json\/wp\/v2\/product"}],"about":[{"href":"https:\/\/libreriahistoriasdebolsillo.com\/index.php\/wp-json\/wp\/v2\/types\/product"}],"wp:featuredmedia":[{"embeddable":true,"href":"https:\/\/libreriahistoriasdebolsillo.com\/index.php\/wp-json\/wp\/v2\/media\/4253"}],"wp:attachment":[{"href":"https:\/\/libreriahistoriasdebolsillo.com\/index.php\/wp-json\/wp\/v2\/media?parent=4252"}],"wp:term":[{"taxonomy":"product_brand","embeddable":true,"href":"https:\/\/libreriahistoriasdebolsillo.com\/index.php\/wp-json\/wp\/v2\/product_brand?post=4252"},{"taxonomy":"product_cat","embeddable":true,"href":"https:\/\/libreriahistoriasdebolsillo.com\/index.php\/wp-json\/wp\/v2\/product_cat?post=4252"},{"taxonomy":"product_tag","embeddable":true,"href":"https:\/\/libreriahistoriasdebolsillo.com\/index.php\/wp-json\/wp\/v2\/product_tag?post=4252"}],"curies":[{"name":"wp","href":"https:\/\/api.w.org\/{rel}","templated":true}]}}