{"id":4256,"date":"2024-04-26T12:25:41","date_gmt":"2024-04-26T18:25:41","guid":{"rendered":"https:\/\/libreriahistoriasdebolsillo.com\/?post_type=product&#038;p=4256"},"modified":"2024-07-01T12:20:47","modified_gmt":"2024-07-01T18:20:47","slug":"la-hija-prodiga","status":"publish","type":"product","link":"https:\/\/libreriahistoriasdebolsillo.com\/index.php\/producto\/la-hija-prodiga\/","title":{"rendered":"La hija pr\u00f3diga"},"content":{"rendered":"<p>EL GRAN BESTSELLER DE TODOS LOS TIEMPOS<\/p>\n<p>Florentina Rosnovski es polaca y tiene voluntad de acero. Comparte con Abel, su padre, un amor desmedido por Estados Unidos, sus ideales y el sue\u00f1o americano. Pero quiere m\u00e1s: convertirse en la primera presidenta de Estados Unidos.<\/p>\n<p>Richard Kane es un ni\u00f1o bien, naci\u00f3 rodeado de lujos. V\u00e1stago de un magnate banquero, es guapo y est\u00e1 decidido a abrirse paso por s\u00ed mismo en el mundo y a construirse un futuro al lado de la mujer que ama.<\/p>\n<p>Justo cuando el sue\u00f1o de Florentina est\u00e1 por concretarse, ambos descubren el despiadado precio que tienen que pagar por el poder. Una tit\u00e1nica batalla de traici\u00f3n y decepci\u00f3n emerge del pasado: un feudo de sangre entre dos generaciones amenaza con destruir todo aquello por lo que Florentina y Richard han luchado en la vida.<\/p>\n","protected":false},"excerpt":{"rendered":"<p>Jeffrey Archer<\/p>\n","protected":false},"featured_media":4257,"template":"","meta":{"_joinchat":[]},"product_brand":[],"product_cat":[37],"product_tag":[34],"class_list":{"0":"post-4256","1":"product","2":"type-product","3":"status-publish","4":"has-post-thumbnail","6":"product_cat-misterio-y-thriller","7":"product_tag-penguin-random-house","9":"first","10":"outofstock","11":"shipping-taxable","12":"purchasable","13":"product-type-simple"},"_links":{"self":[{"href":"https:\/\/libreriahistoriasdebolsillo.com\/index.php\/wp-json\/wp\/v2\/product\/4256","targetHints":{"allow":["GET"]}}],"collection":[{"href":"https:\/\/libreriahistoriasdebolsillo.com\/index.php\/wp-json\/wp\/v2\/product"}],"about":[{"href":"https:\/\/libreriahistoriasdebolsillo.com\/index.php\/wp-json\/wp\/v2\/types\/product"}],"wp:featuredmedia":[{"embeddable":true,"href":"https:\/\/libreriahistoriasdebolsillo.com\/index.php\/wp-json\/wp\/v2\/media\/4257"}],"wp:attachment":[{"href":"https:\/\/libreriahistoriasdebolsillo.com\/index.php\/wp-json\/wp\/v2\/media?parent=4256"}],"wp:term":[{"taxonomy":"product_brand","embeddable":true,"href":"https:\/\/libreriahistoriasdebolsillo.com\/index.php\/wp-json\/wp\/v2\/product_brand?post=4256"},{"taxonomy":"product_cat","embeddable":true,"href":"https:\/\/libreriahistoriasdebolsillo.com\/index.php\/wp-json\/wp\/v2\/product_cat?post=4256"},{"taxonomy":"product_tag","embeddable":true,"href":"https:\/\/libreriahistoriasdebolsillo.com\/index.php\/wp-json\/wp\/v2\/product_tag?post=4256"}],"curies":[{"name":"wp","href":"https:\/\/api.w.org\/{rel}","templated":true}]}}