{"id":4258,"date":"2024-04-26T12:27:11","date_gmt":"2024-04-26T18:27:11","guid":{"rendered":"https:\/\/libreriahistoriasdebolsillo.com\/?post_type=product&#038;p=4258"},"modified":"2024-07-01T12:20:43","modified_gmt":"2024-07-01T18:20:43","slug":"el-undecimo-mandamiento","status":"publish","type":"product","link":"https:\/\/libreriahistoriasdebolsillo.com\/index.php\/producto\/el-undecimo-mandamiento\/","title":{"rendered":"El und\u00e9cimo mandamiento"},"content":{"rendered":"<p>Para un agente de la CIA, el und\u00e9cimo mandamiento prescribe no dejarse atrapar y, en una situaci\u00f3n l\u00edmite, no confesar. Connor Fitzgerald lo ha transgredido: veintiocho a\u00f1os en la Agencia concluir\u00e1n en una fr\u00eda prisi\u00f3n de San Petersburgo. Sin duda, el agente fue v\u00edctima de su pecado, pero tambi\u00e9n de una infame conspiraci\u00f3n en la que est\u00e1n implicados la directora de la Agencia, Helen Dexter, y de forma indirecta, el presidente de Estados Unidos. La alta pol\u00edtica, la capacidad de sacrificio y la ambici\u00f3n de poder son, en esta novela, el motor de las peores motivaciones humanas.<\/p>\n<p>El und\u00e9cimo mandamiento sienta las bases del\u00a0<i>thriller<\/i>\u00a0contempor\u00e1neo. Jeffrey Archer engancha a sus lectores desde el primer p\u00e1rrafo y no los suelta sino hasta el final. El ritmo, la ingenuidad, los giros inesperados y una conmovedora historia de amor muestran al autor m\u00e1s vendido de Inglaterra en la cima de su poderosa carrera como creador.<\/p>\n<p>\u00abEl don de Archer para construir la trama es simplemente impactante.\u00bb<\/p>\n<p><i>Daily Telegraph<\/i><\/p>\n<p>\u00abEl hombre es un genio.\u00bb<\/p>\n<p><i>Evening Standard<\/i><\/p>\n<p>\u00abPocos son m\u00e1s famosos que Archer por mantener al lector en vilo.\u00bb<\/p>\n<p><i>The Times<\/i><\/p>\n<p>\u00abEntretenimiento y suspenso medidos con inteligencia&#8230; Diversi\u00f3n y acci\u00f3n a partes iguales.\u00bb<\/p>\n<p><i>Chicago Tribune<\/i><\/p>\n","protected":false},"excerpt":{"rendered":"<p>Jeffrey Archer<\/p>\n","protected":false},"featured_media":4259,"template":"","meta":{"_joinchat":[]},"product_brand":[],"product_cat":[37,51],"product_tag":[34],"class_list":{"0":"post-4258","1":"product","2":"type-product","3":"status-publish","4":"has-post-thumbnail","6":"product_cat-misterio-y-thriller","7":"product_cat-oferta","8":"product_tag-penguin-random-house","10":"first","11":"outofstock","12":"shipping-taxable","13":"purchasable","14":"product-type-simple"},"_links":{"self":[{"href":"https:\/\/libreriahistoriasdebolsillo.com\/index.php\/wp-json\/wp\/v2\/product\/4258","targetHints":{"allow":["GET"]}}],"collection":[{"href":"https:\/\/libreriahistoriasdebolsillo.com\/index.php\/wp-json\/wp\/v2\/product"}],"about":[{"href":"https:\/\/libreriahistoriasdebolsillo.com\/index.php\/wp-json\/wp\/v2\/types\/product"}],"wp:featuredmedia":[{"embeddable":true,"href":"https:\/\/libreriahistoriasdebolsillo.com\/index.php\/wp-json\/wp\/v2\/media\/4259"}],"wp:attachment":[{"href":"https:\/\/libreriahistoriasdebolsillo.com\/index.php\/wp-json\/wp\/v2\/media?parent=4258"}],"wp:term":[{"taxonomy":"product_brand","embeddable":true,"href":"https:\/\/libreriahistoriasdebolsillo.com\/index.php\/wp-json\/wp\/v2\/product_brand?post=4258"},{"taxonomy":"product_cat","embeddable":true,"href":"https:\/\/libreriahistoriasdebolsillo.com\/index.php\/wp-json\/wp\/v2\/product_cat?post=4258"},{"taxonomy":"product_tag","embeddable":true,"href":"https:\/\/libreriahistoriasdebolsillo.com\/index.php\/wp-json\/wp\/v2\/product_tag?post=4258"}],"curies":[{"name":"wp","href":"https:\/\/api.w.org\/{rel}","templated":true}]}}