{"id":4260,"date":"2024-04-26T12:34:00","date_gmt":"2024-04-26T18:34:00","guid":{"rendered":"https:\/\/libreriahistoriasdebolsillo.com\/?post_type=product&#038;p=4260"},"modified":"2024-07-01T12:21:25","modified_gmt":"2024-07-01T18:21:25","slug":"un-dulce-olor-a-muerte","status":"publish","type":"product","link":"https:\/\/libreriahistoriasdebolsillo.com\/index.php\/producto\/un-dulce-olor-a-muerte\/","title":{"rendered":"Un dulce olor a muerte"},"content":{"rendered":"<p><b>Una extraordinaria obra narrativa que confirma a Arriaga como uno de los mejores escritores de la literatura contempor\u00e1nea.<\/b><\/p>\n<p>Una ma\u00f1ana\u00a0<b>Ram\u00f3n Casta\u00f1os<\/b>, un adolescente que vive en un peque\u00f1o poblado en Tamaulipas, descubre en un sembrad\u00edo el cad\u00e1ver desnudo y apu\u00f1alado de Adela, una muchacha a quien apenas conoc\u00eda. Cuando el resto de los pobladores llega a la\u00a0<b>escena del crimen<\/b>, corre el rumor de que quien ha muertoera la novia de Ram\u00f3n. As\u00ed, el protagonista se ver\u00e1 obligado a\u00a0<b>vengar el asesinato<\/b>\u00a0de la mujer que supuestamente amaba para defender su honor y su hombr\u00eda. Al mismo tiempo, voces en el pueblo achacan el crimen al Gitano, un hombre inocente. Un entramado de falsedades y mentiras conducen la historia hacia un desenlace tr\u00e1gico y fatal.<\/p>\n","protected":false},"excerpt":{"rendered":"<p>Guillermo Arriaga<\/p>\n","protected":false},"featured_media":4261,"template":"","meta":{"_joinchat":[]},"product_brand":[],"product_cat":[37],"product_tag":[34],"class_list":{"0":"post-4260","1":"product","2":"type-product","3":"status-publish","4":"has-post-thumbnail","6":"product_cat-misterio-y-thriller","7":"product_tag-penguin-random-house","9":"first","10":"outofstock","11":"shipping-taxable","12":"purchasable","13":"product-type-simple"},"_links":{"self":[{"href":"https:\/\/libreriahistoriasdebolsillo.com\/index.php\/wp-json\/wp\/v2\/product\/4260","targetHints":{"allow":["GET"]}}],"collection":[{"href":"https:\/\/libreriahistoriasdebolsillo.com\/index.php\/wp-json\/wp\/v2\/product"}],"about":[{"href":"https:\/\/libreriahistoriasdebolsillo.com\/index.php\/wp-json\/wp\/v2\/types\/product"}],"wp:featuredmedia":[{"embeddable":true,"href":"https:\/\/libreriahistoriasdebolsillo.com\/index.php\/wp-json\/wp\/v2\/media\/4261"}],"wp:attachment":[{"href":"https:\/\/libreriahistoriasdebolsillo.com\/index.php\/wp-json\/wp\/v2\/media?parent=4260"}],"wp:term":[{"taxonomy":"product_brand","embeddable":true,"href":"https:\/\/libreriahistoriasdebolsillo.com\/index.php\/wp-json\/wp\/v2\/product_brand?post=4260"},{"taxonomy":"product_cat","embeddable":true,"href":"https:\/\/libreriahistoriasdebolsillo.com\/index.php\/wp-json\/wp\/v2\/product_cat?post=4260"},{"taxonomy":"product_tag","embeddable":true,"href":"https:\/\/libreriahistoriasdebolsillo.com\/index.php\/wp-json\/wp\/v2\/product_tag?post=4260"}],"curies":[{"name":"wp","href":"https:\/\/api.w.org\/{rel}","templated":true}]}}