{"id":4262,"date":"2024-04-26T13:26:46","date_gmt":"2024-04-26T19:26:46","guid":{"rendered":"https:\/\/libreriahistoriasdebolsillo.com\/?post_type=product&#038;p=4262"},"modified":"2024-07-01T12:21:20","modified_gmt":"2024-07-01T18:21:20","slug":"el-bufalo-de-la-noche","status":"publish","type":"product","link":"https:\/\/libreriahistoriasdebolsillo.com\/index.php\/producto\/el-bufalo-de-la-noche\/","title":{"rendered":"El b\u00fafalo de la noche"},"content":{"rendered":"<p><b>El b\u00fafalo de la noche confirma a Guillermo Arriaga -traducido a varios idiomas, autor de\u00a0<i>Amores perros, 21 gramos<\/i>\u00a0y\u00a0<i>Babel<\/i>, y recientemente galardonado con el Premio Mazatl\u00e1n de Literatura por su \u00faltima novela,\u00a0<i>El Salvaje<\/i>&#8211; como uno de los mejores escritores de la literatura contempor\u00e1nea.<\/b><\/p>\n<p>Gregorio y Manuel son mejores amigos hasta que el primero comienza a despe\u00f1arse hacia la locura. Mientras Gregorio entra y sale de hospitales psiqui\u00e1tricos, Tania -su novia- y Manuel comienzan una relaci\u00f3n amorosa a sus espaldas. Herido por la traici\u00f3n y acosado por los celos, el caos mental de Gregorio lo orilla al suicidio, dejando a cuestas una caja con misteriosas cartas y mensajes que atormentar\u00e1n a Manuel y a Tania, conduci\u00e9ndolos tambi\u00e9n hasta los linderos de la demencia.<\/p>\n","protected":false},"excerpt":{"rendered":"<p>Guillermo Arriaga<\/p>\n","protected":false},"featured_media":4263,"template":"","meta":{"_joinchat":[]},"product_brand":[],"product_cat":[37],"product_tag":[34],"class_list":{"0":"post-4262","1":"product","2":"type-product","3":"status-publish","4":"has-post-thumbnail","6":"product_cat-misterio-y-thriller","7":"product_tag-penguin-random-house","9":"first","10":"outofstock","11":"shipping-taxable","12":"purchasable","13":"product-type-simple"},"_links":{"self":[{"href":"https:\/\/libreriahistoriasdebolsillo.com\/index.php\/wp-json\/wp\/v2\/product\/4262","targetHints":{"allow":["GET"]}}],"collection":[{"href":"https:\/\/libreriahistoriasdebolsillo.com\/index.php\/wp-json\/wp\/v2\/product"}],"about":[{"href":"https:\/\/libreriahistoriasdebolsillo.com\/index.php\/wp-json\/wp\/v2\/types\/product"}],"wp:featuredmedia":[{"embeddable":true,"href":"https:\/\/libreriahistoriasdebolsillo.com\/index.php\/wp-json\/wp\/v2\/media\/4263"}],"wp:attachment":[{"href":"https:\/\/libreriahistoriasdebolsillo.com\/index.php\/wp-json\/wp\/v2\/media?parent=4262"}],"wp:term":[{"taxonomy":"product_brand","embeddable":true,"href":"https:\/\/libreriahistoriasdebolsillo.com\/index.php\/wp-json\/wp\/v2\/product_brand?post=4262"},{"taxonomy":"product_cat","embeddable":true,"href":"https:\/\/libreriahistoriasdebolsillo.com\/index.php\/wp-json\/wp\/v2\/product_cat?post=4262"},{"taxonomy":"product_tag","embeddable":true,"href":"https:\/\/libreriahistoriasdebolsillo.com\/index.php\/wp-json\/wp\/v2\/product_tag?post=4262"}],"curies":[{"name":"wp","href":"https:\/\/api.w.org\/{rel}","templated":true}]}}