{"id":4264,"date":"2024-04-26T13:28:47","date_gmt":"2024-04-26T19:28:47","guid":{"rendered":"https:\/\/libreriahistoriasdebolsillo.com\/?post_type=product&#038;p=4264"},"modified":"2024-07-01T12:21:16","modified_gmt":"2024-07-01T18:21:16","slug":"escuadron-guillotina","status":"publish","type":"product","link":"https:\/\/libreriahistoriasdebolsillo.com\/index.php\/producto\/escuadron-guillotina\/","title":{"rendered":"Escuadr\u00f3n guillotina"},"content":{"rendered":"<p>En plena\u00a0<b>Revoluci\u00f3n mexicana\u00a0<\/b>el abogado\u00a0<b>Feliciano Velasco<\/b>\u00a0y\u00a0<b>Borbolla de la Fuente<\/b>\u00a0le ofrece a\u00a0<b>Pancho Villa\u00a0<\/b>un innovador artefacto para su ej\u00e9rcito: una guillotina que \u00e9l mismo ha perfeccionado. El abogado piensa que con esa poderosa arma los villistas provocar\u00e1n pavor entre sus enemigos y que por ello el general debe adquirirla. Villa decide comprarla a cambio de un pago inusual: recluta a Feliciano en sus filas y lo convierte en honorable sargento de la Divisi\u00f3n del Norte a cargo del Escuadr\u00f3n Guillotina.<\/p>\n","protected":false},"excerpt":{"rendered":"<p>Guillermo Arriaga<\/p>\n","protected":false},"featured_media":4265,"template":"","meta":{"_joinchat":[]},"product_brand":[],"product_cat":[78],"product_tag":[34],"class_list":{"0":"post-4264","1":"product","2":"type-product","3":"status-publish","4":"has-post-thumbnail","6":"product_cat-contemporanea","7":"product_tag-penguin-random-house","9":"first","10":"outofstock","11":"shipping-taxable","12":"purchasable","13":"product-type-simple"},"_links":{"self":[{"href":"https:\/\/libreriahistoriasdebolsillo.com\/index.php\/wp-json\/wp\/v2\/product\/4264","targetHints":{"allow":["GET"]}}],"collection":[{"href":"https:\/\/libreriahistoriasdebolsillo.com\/index.php\/wp-json\/wp\/v2\/product"}],"about":[{"href":"https:\/\/libreriahistoriasdebolsillo.com\/index.php\/wp-json\/wp\/v2\/types\/product"}],"wp:featuredmedia":[{"embeddable":true,"href":"https:\/\/libreriahistoriasdebolsillo.com\/index.php\/wp-json\/wp\/v2\/media\/4265"}],"wp:attachment":[{"href":"https:\/\/libreriahistoriasdebolsillo.com\/index.php\/wp-json\/wp\/v2\/media?parent=4264"}],"wp:term":[{"taxonomy":"product_brand","embeddable":true,"href":"https:\/\/libreriahistoriasdebolsillo.com\/index.php\/wp-json\/wp\/v2\/product_brand?post=4264"},{"taxonomy":"product_cat","embeddable":true,"href":"https:\/\/libreriahistoriasdebolsillo.com\/index.php\/wp-json\/wp\/v2\/product_cat?post=4264"},{"taxonomy":"product_tag","embeddable":true,"href":"https:\/\/libreriahistoriasdebolsillo.com\/index.php\/wp-json\/wp\/v2\/product_tag?post=4264"}],"curies":[{"name":"wp","href":"https:\/\/api.w.org\/{rel}","templated":true}]}}