{"id":4266,"date":"2024-04-26T13:30:27","date_gmt":"2024-04-26T19:30:27","guid":{"rendered":"https:\/\/libreriahistoriasdebolsillo.com\/?post_type=product&#038;p=4266"},"modified":"2024-07-01T12:21:12","modified_gmt":"2024-07-01T18:21:12","slug":"el-salvaje","status":"publish","type":"product","link":"https:\/\/libreriahistoriasdebolsillo.com\/index.php\/producto\/el-salvaje\/","title":{"rendered":"El salvaje"},"content":{"rendered":"<p><b>\u00abEl Salvaje consagra a su autor como el mejor escritor<\/b>\u00a0<b>mexicano actual y<\/b>\u00a0<b>como una figura<\/b>\u00a0<b>indiscutible de\u00a0<\/b><b>las letras universales.\u00bb<\/b>\u00a0<b>Gabri<\/b>\u00a0<b>R\u00f3denas<\/b><b>,<\/b>\u00a0<i><b>Zenda<\/b><\/i><\/p>\n<p>A sus diecisiete a\u00f1os Juan Guillermo se ha quedado\u00a0<b>hu\u00e9rfano<\/b>\u00a0y completamente solo. Tres a\u00f1os atr\u00e1s, Carlos, su hermano mayor, fue asesinadopor unos<b>\u00a0fan\u00e1ticos religiosos<\/b>; abatidos por el pesar, sus padres y su abuela mueren. En el extremo de la\u00a0<b>rabia<\/b>\u00a0y la desesperaci\u00f3n, Juan Guillermo jura vengarse. El problema es que los j\u00f3venes religiosos est\u00e1n muy bien organizados, gozan del respaldo de\u00a0<b>gente poderosa<\/b>, portan armas, han entrenado artes marciales y, para colmo, est\u00e1n coludidos con Zurita, un comandante de la\u00a0<b>polic\u00eda judicial<\/b>. Con esta permanente sensaci\u00f3nde\u00a0<b>vendetta<\/b>\u00a0convive una entra\u00f1able historia de amor que impide que el protagonista se deslice hacia el v\u00f3rtice de la\u00a0<b>autodestrucci\u00f3n<\/b>.<\/p>\n<p>En paralelo corre la historia de Amaruq, un hombre que en los helados bosques del Yuk\u00f3n se obsesiona con perseguir a un lobo y cuya traves\u00eda lo conduce hacia las profundidades de la\u00a0<b>locura<\/b>\u00a0y\u00a0<b>la muerte<\/b>.<\/p>\n<p>Esta ambiciosa novela confirma a Arriaga como uno de los escritores m\u00e1s potentes, intensos y originales de la literatura contempor\u00e1nea.<\/p>\n","protected":false},"excerpt":{"rendered":"<p>Guillermo Arriaga<\/p>\n","protected":false},"featured_media":4267,"template":"","meta":{"_joinchat":[]},"product_brand":[],"product_cat":[78],"product_tag":[34],"class_list":{"0":"post-4266","1":"product","2":"type-product","3":"status-publish","4":"has-post-thumbnail","6":"product_cat-contemporanea","7":"product_tag-penguin-random-house","9":"first","10":"outofstock","11":"shipping-taxable","12":"purchasable","13":"product-type-simple"},"_links":{"self":[{"href":"https:\/\/libreriahistoriasdebolsillo.com\/index.php\/wp-json\/wp\/v2\/product\/4266","targetHints":{"allow":["GET"]}}],"collection":[{"href":"https:\/\/libreriahistoriasdebolsillo.com\/index.php\/wp-json\/wp\/v2\/product"}],"about":[{"href":"https:\/\/libreriahistoriasdebolsillo.com\/index.php\/wp-json\/wp\/v2\/types\/product"}],"wp:featuredmedia":[{"embeddable":true,"href":"https:\/\/libreriahistoriasdebolsillo.com\/index.php\/wp-json\/wp\/v2\/media\/4267"}],"wp:attachment":[{"href":"https:\/\/libreriahistoriasdebolsillo.com\/index.php\/wp-json\/wp\/v2\/media?parent=4266"}],"wp:term":[{"taxonomy":"product_brand","embeddable":true,"href":"https:\/\/libreriahistoriasdebolsillo.com\/index.php\/wp-json\/wp\/v2\/product_brand?post=4266"},{"taxonomy":"product_cat","embeddable":true,"href":"https:\/\/libreriahistoriasdebolsillo.com\/index.php\/wp-json\/wp\/v2\/product_cat?post=4266"},{"taxonomy":"product_tag","embeddable":true,"href":"https:\/\/libreriahistoriasdebolsillo.com\/index.php\/wp-json\/wp\/v2\/product_tag?post=4266"}],"curies":[{"name":"wp","href":"https:\/\/api.w.org\/{rel}","templated":true}]}}