{"id":4268,"date":"2024-04-26T13:34:41","date_gmt":"2024-04-26T19:34:41","guid":{"rendered":"https:\/\/libreriahistoriasdebolsillo.com\/?post_type=product&#038;p=4268"},"modified":"2024-07-01T12:22:18","modified_gmt":"2024-07-01T18:22:18","slug":"viaje-alucinante-ii","status":"publish","type":"product","link":"https:\/\/libreriahistoriasdebolsillo.com\/index.php\/producto\/viaje-alucinante-ii\/","title":{"rendered":"Viaje alucinante II"},"content":{"rendered":"<p>En esta continuaci\u00f3n de la fascinante novela\u00a0<i>Viaje alucinante<\/i>, el mundialmente c\u00e9lebre cient\u00edfico ruso Shapirov, que celebr\u00f3 el\u00a0<b>proyecto ultrasecreto de miniaturizaci\u00f3n<\/b>, yace en coma profundo. Los componentes de la misi\u00f3n norteamericana, junto con un equipo de cient\u00edficos sovi\u00e9ticos, deben ser miniaturizados hasta un tama\u00f1o molecular y\u00a0<b>viajar\u00a0<\/b>en submarino hacia el agonizante cerebro de Shapirov, a fin de\u00a0<b>rescatar los secretos<\/b>\u00a0all\u00ed guardados.<\/p>\n","protected":false},"excerpt":{"rendered":"<p>Isaac Asimov<\/p>\n","protected":false},"featured_media":4269,"template":"","meta":{"_joinchat":[]},"product_brand":[],"product_cat":[40],"product_tag":[34],"class_list":{"0":"post-4268","1":"product","2":"type-product","3":"status-publish","4":"has-post-thumbnail","6":"product_cat-ciencia-ficcion","7":"product_tag-penguin-random-house","9":"first","10":"outofstock","11":"shipping-taxable","12":"purchasable","13":"product-type-simple"},"_links":{"self":[{"href":"https:\/\/libreriahistoriasdebolsillo.com\/index.php\/wp-json\/wp\/v2\/product\/4268","targetHints":{"allow":["GET"]}}],"collection":[{"href":"https:\/\/libreriahistoriasdebolsillo.com\/index.php\/wp-json\/wp\/v2\/product"}],"about":[{"href":"https:\/\/libreriahistoriasdebolsillo.com\/index.php\/wp-json\/wp\/v2\/types\/product"}],"wp:featuredmedia":[{"embeddable":true,"href":"https:\/\/libreriahistoriasdebolsillo.com\/index.php\/wp-json\/wp\/v2\/media\/4269"}],"wp:attachment":[{"href":"https:\/\/libreriahistoriasdebolsillo.com\/index.php\/wp-json\/wp\/v2\/media?parent=4268"}],"wp:term":[{"taxonomy":"product_brand","embeddable":true,"href":"https:\/\/libreriahistoriasdebolsillo.com\/index.php\/wp-json\/wp\/v2\/product_brand?post=4268"},{"taxonomy":"product_cat","embeddable":true,"href":"https:\/\/libreriahistoriasdebolsillo.com\/index.php\/wp-json\/wp\/v2\/product_cat?post=4268"},{"taxonomy":"product_tag","embeddable":true,"href":"https:\/\/libreriahistoriasdebolsillo.com\/index.php\/wp-json\/wp\/v2\/product_tag?post=4268"}],"curies":[{"name":"wp","href":"https:\/\/api.w.org\/{rel}","templated":true}]}}